{"id":178,"date":"2024-08-14T10:30:59","date_gmt":"2024-08-14T13:30:59","guid":{"rendered":"http:\/\/br614.teste.website\/~age67481\/armazemcenario\/?page_id=178"},"modified":"2024-08-21T10:02:17","modified_gmt":"2024-08-21T13:02:17","slug":"portfolio","status":"publish","type":"page","link":"http:\/\/br614.teste.website\/~age67481\/armazemcenario\/portfolio\/","title":{"rendered":"PORTF\u00d3LIO"},"content":{"rendered":"\t\t<div data-elementor-type=\"wp-page\" data-elementor-id=\"178\" class=\"elementor elementor-178\">\n\t\t\t\t\t\t<section class=\"elementor-section elementor-top-section elementor-element elementor-element-0cf801b elementor-section-boxed elementor-section-height-default elementor-section-height-default\" data-id=\"0cf801b\" data-element_type=\"section\">\n\t\t\t\t\t\t<div class=\"elementor-container elementor-column-gap-default\">\n\t\t\t\t\t<div class=\"elementor-column elementor-col-50 elementor-top-column elementor-element elementor-element-04b7289\" data-id=\"04b7289\" data-element_type=\"column\">\n\t\t\t<div class=\"elementor-widget-wrap elementor-element-populated\">\n\t\t\t\t\t\t<div class=\"elementor-element elementor-element-c33840c elementor-widget__width-initial elementor-widget elementor-widget-heading\" data-id=\"c33840c\" data-element_type=\"widget\" data-widget_type=\"heading.default\">\n\t\t\t\t<div class=\"elementor-widget-container\">\n\t\t\t<h2 class=\"elementor-heading-title elementor-size-default\">PORTF\u00d3LIO<\/h2>\t\t<\/div>\n\t\t\t\t<\/div>\n\t\t\t\t\t<\/div>\n\t\t<\/div>\n\t\t\t\t<div class=\"elementor-column elementor-col-50 elementor-top-column elementor-element elementor-element-9bc7563\" data-id=\"9bc7563\" data-element_type=\"column\">\n\t\t\t<div class=\"elementor-widget-wrap\">\n\t\t\t\t\t\t\t<\/div>\n\t\t<\/div>\n\t\t\t\t\t<\/div>\n\t\t<\/section>\n\t\t\t\t<section class=\"elementor-section elementor-top-section elementor-element elementor-element-002e75e elementor-section-boxed elementor-section-height-default elementor-section-height-default\" data-id=\"002e75e\" data-element_type=\"section\">\n\t\t\t\t\t\t<div class=\"elementor-container elementor-column-gap-custom\">\n\t\t\t\t\t<div data-premium-element-link=\"{&quot;type&quot;:&quot;url&quot;,&quot;link&quot;:{&quot;url&quot;:&quot;http:\\\/\\\/br614.teste.website\\\/~age67481\\\/armazemcenario\\\/stihl\\\/&quot;,&quot;is_external&quot;:&quot;&quot;,&quot;nofollow&quot;:&quot;&quot;,&quot;custom_attributes&quot;:&quot;&quot;},&quot;href&quot;:&quot;http:\\\/\\\/br614.teste.website\\\/~age67481\\\/armazemcenario\\\/stihl\\\/&quot;}\" style=\"cursor: pointer\" class=\"elementor-column elementor-col-25 elementor-top-column elementor-element elementor-element-e0c6887 animated-fast elementor-invisible\" data-id=\"e0c6887\" data-element_type=\"column\" data-settings=\"{&quot;animation&quot;:&quot;fadeInUp&quot;}\">\n\t\t\t<div class=\"elementor-widget-wrap elementor-element-populated\">\n\t\t\t\t\t\t<div class=\"elementor-element elementor-element-2c41683 elementor-widget elementor-widget-image\" data-id=\"2c41683\" data-element_type=\"widget\" data-widget_type=\"image.default\">\n\t\t\t\t<div class=\"elementor-widget-container\">\n\t\t\t\t\t\t\t\t\t\t\t\t\t\t<a href=\"http:\/\/br614.teste.website\/~age67481\/armazemcenario\/portfolio\/stihl\/\">\n\t\t\t\t\t\t\t<img fetchpriority=\"high\" decoding=\"async\" width=\"440\" height=\"570\" src=\"http:\/\/br614.teste.website\/~age67481\/armazemcenario\/wp-content\/uploads\/2024\/08\/STIHIL_HOME.jpg\" class=\"attachment-large size-large wp-image-82\" alt=\"\" srcset=\"http:\/\/br614.teste.website\/~age67481\/armazemcenario\/wp-content\/uploads\/2024\/08\/STIHIL_HOME.jpg 440w, http:\/\/br614.teste.website\/~age67481\/armazemcenario\/wp-content\/uploads\/2024\/08\/STIHIL_HOME-232x300.jpg 232w, http:\/\/br614.teste.website\/~age67481\/armazemcenario\/wp-content\/uploads\/2024\/08\/STIHIL_HOME-200x259.jpg 200w\" sizes=\"(max-width: 440px) 100vw, 440px\" \/>\t\t\t\t\t\t\t\t<\/a>\n\t\t\t\t\t\t\t\t\t\t\t\t\t<\/div>\n\t\t\t\t<\/div>\n\t\t\t\t<div class=\"elementor-element elementor-element-89d5004 elementor-widget elementor-widget-heading\" data-id=\"89d5004\" data-element_type=\"widget\" data-widget_type=\"heading.default\">\n\t\t\t\t<div class=\"elementor-widget-container\">\n\t\t\t<h2 class=\"elementor-heading-title elementor-size-default\">_ CONVEN\u00c7\u00c3O<\/h2>\t\t<\/div>\n\t\t\t\t<\/div>\n\t\t\t\t<div class=\"elementor-element elementor-element-58dae77 elementor-widget elementor-widget-heading\" data-id=\"58dae77\" data-element_type=\"widget\" data-widget_type=\"heading.default\">\n\t\t\t\t<div class=\"elementor-widget-container\">\n\t\t\t<h2 class=\"elementor-heading-title elementor-size-default\">STIHL<\/h2>\t\t<\/div>\n\t\t\t\t<\/div>\n\t\t\t\t\t<\/div>\n\t\t<\/div>\n\t\t\t\t<div class=\"elementor-column elementor-col-25 elementor-top-column elementor-element elementor-element-851f758 animated-fast elementor-invisible\" data-id=\"851f758\" data-element_type=\"column\" data-settings=\"{&quot;animation&quot;:&quot;fadeInUp&quot;,&quot;animation_delay&quot;:500}\">\n\t\t\t<div class=\"elementor-widget-wrap elementor-element-populated\">\n\t\t\t\t\t\t<div class=\"elementor-element elementor-element-8782c02 elementor-widget elementor-widget-image\" data-id=\"8782c02\" data-element_type=\"widget\" data-widget_type=\"image.default\">\n\t\t\t\t<div class=\"elementor-widget-container\">\n\t\t\t\t\t\t\t\t\t\t\t\t\t\t<a href=\"http:\/\/br614.teste.website\/~age67481\/armazemcenario\/portfolio\/sesisenai\/\">\n\t\t\t\t\t\t\t<img decoding=\"async\" width=\"440\" height=\"570\" src=\"http:\/\/br614.teste.website\/~age67481\/armazemcenario\/wp-content\/uploads\/2024\/08\/SESISENAI.jpg\" class=\"attachment-large size-large wp-image-87\" alt=\"\" srcset=\"http:\/\/br614.teste.website\/~age67481\/armazemcenario\/wp-content\/uploads\/2024\/08\/SESISENAI.jpg 440w, http:\/\/br614.teste.website\/~age67481\/armazemcenario\/wp-content\/uploads\/2024\/08\/SESISENAI-232x300.jpg 232w, http:\/\/br614.teste.website\/~age67481\/armazemcenario\/wp-content\/uploads\/2024\/08\/SESISENAI-200x259.jpg 200w\" sizes=\"(max-width: 440px) 100vw, 440px\" \/>\t\t\t\t\t\t\t\t<\/a>\n\t\t\t\t\t\t\t\t\t\t\t\t\t<\/div>\n\t\t\t\t<\/div>\n\t\t\t\t<div class=\"elementor-element elementor-element-3678f86 elementor-widget elementor-widget-heading\" data-id=\"3678f86\" data-element_type=\"widget\" data-widget_type=\"heading.default\">\n\t\t\t\t<div class=\"elementor-widget-container\">\n\t\t\t<h2 class=\"elementor-heading-title elementor-size-default\">_ EXPOSI\u00c7\u00c3O<\/h2>\t\t<\/div>\n\t\t\t\t<\/div>\n\t\t\t\t<div class=\"elementor-element elementor-element-c40dd6e elementor-widget elementor-widget-heading\" data-id=\"c40dd6e\" data-element_type=\"widget\" data-widget_type=\"heading.default\">\n\t\t\t\t<div class=\"elementor-widget-container\">\n\t\t\t<h2 class=\"elementor-heading-title elementor-size-default\">SESI\/SENAI<\/h2>\t\t<\/div>\n\t\t\t\t<\/div>\n\t\t\t\t\t<\/div>\n\t\t<\/div>\n\t\t\t\t<div class=\"elementor-column elementor-col-25 elementor-top-column elementor-element elementor-element-28eba40 animated-fast elementor-invisible\" data-id=\"28eba40\" data-element_type=\"column\" data-settings=\"{&quot;animation&quot;:&quot;fadeInUp&quot;,&quot;animation_delay&quot;:1000}\">\n\t\t\t<div class=\"elementor-widget-wrap elementor-element-populated\">\n\t\t\t\t\t\t<div class=\"elementor-element elementor-element-cec58f7 elementor-widget elementor-widget-image\" data-id=\"cec58f7\" data-element_type=\"widget\" data-widget_type=\"image.default\">\n\t\t\t\t<div class=\"elementor-widget-container\">\n\t\t\t\t\t\t\t\t\t\t\t\t\t\t<a href=\"http:\/\/br614.teste.website\/~age67481\/armazemcenario\/portfolio\/south-summit\/\">\n\t\t\t\t\t\t\t<img decoding=\"async\" width=\"440\" height=\"570\" src=\"http:\/\/br614.teste.website\/~age67481\/armazemcenario\/wp-content\/uploads\/2024\/08\/VULCABRAS.jpg\" class=\"attachment-large size-large wp-image-92\" alt=\"\" srcset=\"http:\/\/br614.teste.website\/~age67481\/armazemcenario\/wp-content\/uploads\/2024\/08\/VULCABRAS.jpg 440w, http:\/\/br614.teste.website\/~age67481\/armazemcenario\/wp-content\/uploads\/2024\/08\/VULCABRAS-232x300.jpg 232w, http:\/\/br614.teste.website\/~age67481\/armazemcenario\/wp-content\/uploads\/2024\/08\/VULCABRAS-200x259.jpg 200w\" sizes=\"(max-width: 440px) 100vw, 440px\" \/>\t\t\t\t\t\t\t\t<\/a>\n\t\t\t\t\t\t\t\t\t\t\t\t\t<\/div>\n\t\t\t\t<\/div>\n\t\t\t\t<div class=\"elementor-element elementor-element-861ae4c elementor-widget elementor-widget-heading\" data-id=\"861ae4c\" data-element_type=\"widget\" data-widget_type=\"heading.default\">\n\t\t\t\t<div class=\"elementor-widget-container\">\n\t\t\t<h2 class=\"elementor-heading-title elementor-size-default\">_ ESTANDE<\/h2>\t\t<\/div>\n\t\t\t\t<\/div>\n\t\t\t\t<div class=\"elementor-element elementor-element-95a3adb elementor-widget elementor-widget-heading\" data-id=\"95a3adb\" data-element_type=\"widget\" data-widget_type=\"heading.default\">\n\t\t\t\t<div class=\"elementor-widget-container\">\n\t\t\t<h2 class=\"elementor-heading-title elementor-size-default\">VULCABR\u00c1S<\/h2>\t\t<\/div>\n\t\t\t\t<\/div>\n\t\t\t\t\t<\/div>\n\t\t<\/div>\n\t\t\t\t<div class=\"elementor-column elementor-col-25 elementor-top-column elementor-element elementor-element-123e125 animated-fast elementor-invisible\" data-id=\"123e125\" data-element_type=\"column\" data-settings=\"{&quot;animation&quot;:&quot;fadeInUp&quot;,&quot;animation_delay&quot;:1500}\">\n\t\t\t<div class=\"elementor-widget-wrap elementor-element-populated\">\n\t\t\t\t\t\t<div class=\"elementor-element elementor-element-b1f6f3d elementor-widget elementor-widget-image\" data-id=\"b1f6f3d\" data-element_type=\"widget\" data-widget_type=\"image.default\">\n\t\t\t\t<div class=\"elementor-widget-container\">\n\t\t\t\t\t\t\t\t\t\t\t\t\t\t<a href=\"http:\/\/br614.teste.website\/~age67481\/armazemcenario\/portfolio\/south-summit-2\/\">\n\t\t\t\t\t\t\t<img loading=\"lazy\" decoding=\"async\" width=\"440\" height=\"570\" src=\"http:\/\/br614.teste.website\/~age67481\/armazemcenario\/wp-content\/uploads\/2024\/08\/southsummir.jpg\" class=\"attachment-large size-large wp-image-103\" alt=\"\" srcset=\"http:\/\/br614.teste.website\/~age67481\/armazemcenario\/wp-content\/uploads\/2024\/08\/southsummir.jpg 440w, http:\/\/br614.teste.website\/~age67481\/armazemcenario\/wp-content\/uploads\/2024\/08\/southsummir-232x300.jpg 232w, http:\/\/br614.teste.website\/~age67481\/armazemcenario\/wp-content\/uploads\/2024\/08\/southsummir-200x259.jpg 200w\" sizes=\"(max-width: 440px) 100vw, 440px\" \/>\t\t\t\t\t\t\t\t<\/a>\n\t\t\t\t\t\t\t\t\t\t\t\t\t<\/div>\n\t\t\t\t<\/div>\n\t\t\t\t<div class=\"elementor-element elementor-element-d95a00f elementor-widget elementor-widget-heading\" data-id=\"d95a00f\" data-element_type=\"widget\" data-widget_type=\"heading.default\">\n\t\t\t\t<div class=\"elementor-widget-container\">\n\t\t\t<h2 class=\"elementor-heading-title elementor-size-default\">_ CENOGRAFIA<\/h2>\t\t<\/div>\n\t\t\t\t<\/div>\n\t\t\t\t<div class=\"elementor-element elementor-element-5825026 elementor-widget elementor-widget-heading\" data-id=\"5825026\" data-element_type=\"widget\" data-widget_type=\"heading.default\">\n\t\t\t\t<div class=\"elementor-widget-container\">\n\t\t\t<h2 class=\"elementor-heading-title elementor-size-default\">SOUTH SUMMIT<\/h2>\t\t<\/div>\n\t\t\t\t<\/div>\n\t\t\t\t\t<\/div>\n\t\t<\/div>\n\t\t\t\t\t<\/div>\n\t\t<\/section>\n\t\t\t\t<\/div>\n\t\t","protected":false},"excerpt":{"rendered":"<p>PORTF\u00d3LIO _ CONVEN\u00c7\u00c3O STIHL _ EXPOSI\u00c7\u00c3O SESI\/SENAI _ ESTANDE VULCABR\u00c1S _ CENOGRAFIA SOUTH SUMMIT<\/p>\n","protected":false},"author":1,"featured_media":0,"parent":0,"menu_order":0,"comment_status":"closed","ping_status":"closed","template":"","meta":{"footnotes":""},"class_list":["post-178","page","type-page","status-publish","hentry"],"_links":{"self":[{"href":"http:\/\/br614.teste.website\/~age67481\/armazemcenario\/wp-json\/wp\/v2\/pages\/178","targetHints":{"allow":["GET"]}}],"collection":[{"href":"http:\/\/br614.teste.website\/~age67481\/armazemcenario\/wp-json\/wp\/v2\/pages"}],"about":[{"href":"http:\/\/br614.teste.website\/~age67481\/armazemcenario\/wp-json\/wp\/v2\/types\/page"}],"author":[{"embeddable":true,"href":"http:\/\/br614.teste.website\/~age67481\/armazemcenario\/wp-json\/wp\/v2\/users\/1"}],"replies":[{"embeddable":true,"href":"http:\/\/br614.teste.website\/~age67481\/armazemcenario\/wp-json\/wp\/v2\/comments?post=178"}],"version-history":[{"count":19,"href":"http:\/\/br614.teste.website\/~age67481\/armazemcenario\/wp-json\/wp\/v2\/pages\/178\/revisions"}],"predecessor-version":[{"id":298,"href":"http:\/\/br614.teste.website\/~age67481\/armazemcenario\/wp-json\/wp\/v2\/pages\/178\/revisions\/298"}],"wp:attachment":[{"href":"http:\/\/br614.teste.website\/~age67481\/armazemcenario\/wp-json\/wp\/v2\/media?parent=178"}],"curies":[{"name":"wp","href":"https:\/\/api.w.org\/{rel}","templated":true}]}}