{"id":6022,"date":"2022-12-15T00:19:37","date_gmt":"2022-12-15T00:19:37","guid":{"rendered":"https:\/\/demo.artureanec.com\/themes\/agencium\/?page_id=56"},"modified":"2024-03-18T16:53:36","modified_gmt":"2024-03-18T19:53:36","slug":"servicos","status":"publish","type":"page","link":"http:\/\/br614.teste.website\/~age67481\/passaro\/servicos\/","title":{"rendered":"Servi\u00e7os"},"content":{"rendered":"\t\t<div data-elementor-type=\"wp-page\" data-elementor-id=\"6022\" class=\"elementor elementor-6022\">\n\t\t\t\t\t\t<section class=\"elementor-section elementor-top-section elementor-element elementor-element-18db902 elementor-section-boxed elementor-section-height-default elementor-section-height-default wpr-particle-no wpr-jarallax-no wpr-parallax-no wpr-sticky-section-no\" data-id=\"18db902\" data-element_type=\"section\">\n\t\t\t\t\t\t<div class=\"elementor-container elementor-column-gap-default\">\n\t\t\t\t\t<div class=\"elementor-column elementor-col-100 elementor-top-column elementor-element elementor-element-b1f9a0f\" data-id=\"b1f9a0f\" data-element_type=\"column\">\n\t\t\t<div class=\"elementor-widget-wrap\">\n\t\t\t\t\t\t\t<\/div>\n\t\t<\/div>\n\t\t\t\t\t<\/div>\n\t\t<\/section>\n\t\t\t\t<section class=\"elementor-section elementor-top-section elementor-element elementor-element-fad866e elementor-section-content-bottom elementor-section-boxed elementor-section-height-default elementor-section-height-default wpr-particle-no wpr-jarallax-no wpr-parallax-no wpr-sticky-section-no\" data-id=\"fad866e\" data-element_type=\"section\">\n\t\t\t\t\t\t<div class=\"elementor-container elementor-column-gap-no\">\n\t\t\t\t\t<div class=\"elementor-column elementor-col-50 elementor-top-column elementor-element elementor-element-5151969\" data-id=\"5151969\" data-element_type=\"column\">\n\t\t\t<div class=\"elementor-widget-wrap elementor-element-populated\">\n\t\t\t\t\t\t<div class=\"elementor-element elementor-element-b62d8a3 elementor-widget elementor-widget-heading\" data-id=\"b62d8a3\" data-element_type=\"widget\" data-widget_type=\"heading.default\">\n\t\t\t\t<div class=\"elementor-widget-container\">\n\t\t\t<h2 class=\"elementor-heading-title elementor-size-default\">o mundo precisa de mais\n<em>arte<\/em><\/h2>\t\t<\/div>\n\t\t\t\t<\/div>\n\t\t\t\t\t<\/div>\n\t\t<\/div>\n\t\t\t\t<div class=\"elementor-column elementor-col-50 elementor-top-column elementor-element elementor-element-d342526 elementor-hidden-tablet elementor-hidden-mobile_extra elementor-hidden-mobile\" data-id=\"d342526\" data-element_type=\"column\">\n\t\t\t<div class=\"elementor-widget-wrap\">\n\t\t\t\t\t\t\t<\/div>\n\t\t<\/div>\n\t\t\t\t\t<\/div>\n\t\t<\/section>\n\t\t\t\t<section class=\"elementor-section elementor-top-section elementor-element elementor-element-ea95c53 elementor-section-boxed elementor-section-height-default elementor-section-height-default wpr-particle-no wpr-jarallax-no wpr-parallax-no wpr-sticky-section-no\" data-id=\"ea95c53\" data-element_type=\"section\">\n\t\t\t\t\t\t<div class=\"elementor-container elementor-column-gap-no\">\n\t\t\t\t\t<div class=\"elementor-column elementor-col-33 elementor-top-column elementor-element elementor-element-8fa8de8 elementor-hidden-laptop elementor-hidden-tablet_extra\" data-id=\"8fa8de8\" data-element_type=\"column\">\n\t\t\t<div class=\"elementor-widget-wrap\">\n\t\t\t\t\t\t\t<\/div>\n\t\t<\/div>\n\t\t\t\t<div class=\"elementor-column elementor-col-66 elementor-top-column elementor-element elementor-element-6c58901\" data-id=\"6c58901\" data-element_type=\"column\">\n\t\t\t<div class=\"elementor-widget-wrap\">\n\t\t\t\t\t\t\t<\/div>\n\t\t<\/div>\n\t\t\t\t\t<\/div>\n\t\t<\/section>\n\t\t\t\t<section class=\"elementor-section elementor-top-section elementor-element elementor-element-d193bcd elementor-section-content-middle elementor-section-stretched elementor-reverse-laptop elementor-reverse-tablet_extra elementor-reverse-tablet elementor-reverse-mobile_extra elementor-reverse-mobile elementor-section-boxed elementor-section-height-default elementor-section-height-default wpr-particle-no wpr-jarallax-no wpr-parallax-no wpr-sticky-section-no\" data-id=\"d193bcd\" data-element_type=\"section\" data-settings=\"{&quot;stretch_section&quot;:&quot;section-stretched&quot;}\">\n\t\t\t\t\t\t<div class=\"elementor-container elementor-column-gap-no\">\n\t\t\t\t\t<div class=\"elementor-column elementor-col-50 elementor-top-column elementor-element elementor-element-d3d21e7\" data-id=\"d3d21e7\" data-element_type=\"column\">\n\t\t\t<div class=\"elementor-widget-wrap\">\n\t\t\t\t\t\t\t<\/div>\n\t\t<\/div>\n\t\t\t\t<div class=\"elementor-column elementor-col-50 elementor-top-column elementor-element elementor-element-aaaddda\" data-id=\"aaaddda\" data-element_type=\"column\">\n\t\t\t<div class=\"elementor-widget-wrap elementor-element-populated\">\n\t\t\t\t\t\t<div class=\"elementor-element elementor-element-8717c22 elementor-widget elementor-widget-heading\" data-id=\"8717c22\" data-element_type=\"widget\" data-widget_type=\"heading.default\">\n\t\t\t\t<div class=\"elementor-widget-container\">\n\t\t\t<h2 class=\"elementor-heading-title elementor-size-default\">Somos uma ag\u00eancia <em>human made<\/em><\/h2>\t\t<\/div>\n\t\t\t\t<\/div>\n\t\t\t\t<div class=\"elementor-element elementor-element-54c62e6 elementor-widget elementor-widget-text-editor\" data-id=\"54c62e6\" data-element_type=\"widget\" data-widget_type=\"text-editor.default\">\n\t\t\t\t<div class=\"elementor-widget-container\">\n\t\t\t\t\t\t\tSomos inspirados pelos valores que regem nossa marca, por isso nossas entregas partem da sensibilidade, da intelig\u00eancia, da leveza e da relev\u00e2ncia para alcan\u00e7ar o objetivo dos nossos clientes. \n\nMergulhamos no cliente para trazer \u00e0 tona as boas hist\u00f3rias, preparamos o ecossistema da marca para a mudan\u00e7a e fazemos nossa entrega. Tudo pode ser contratado \u00e0 la carte ou do in\u00edcio ao fim, dependendo do momento da marca. \n\nSomos uma ag\u00eancia human made que se atualiza sobre Intelig\u00eancia Artificial e estuda o que h\u00e1 de mais moderno &#8211; somos acad\u00eamicos tamb\u00e9m, afinal. E garantimos: ainda n\u00e3o h\u00e1 rob\u00f4s que superem nosso trabalho. \n\t\t\t\t\t\t<\/div>\n\t\t\t\t<\/div>\n\t\t\t\t\t<\/div>\n\t\t<\/div>\n\t\t\t\t\t<\/div>\n\t\t<\/section>\n\t\t\t\t<\/div>\n\t\t","protected":false},"excerpt":{"rendered":"<p>o mundo precisa de mais arte Somos uma ag\u00eancia human made Somos inspirados pelos valores que regem nossa marca, por isso nossas entregas partem da sensibilidade, da intelig\u00eancia, da leveza e da relev\u00e2ncia para alcan\u00e7ar o objetivo dos nossos clientes. Mergulhamos&#8230;<\/p>\n","protected":false},"author":1,"featured_media":0,"parent":0,"menu_order":0,"comment_status":"closed","ping_status":"closed","template":"","meta":{"footnotes":""},"class_list":["post-6022","page","type-page","status-publish","hentry"],"_links":{"self":[{"href":"http:\/\/br614.teste.website\/~age67481\/passaro\/wp-json\/wp\/v2\/pages\/6022","targetHints":{"allow":["GET"]}}],"collection":[{"href":"http:\/\/br614.teste.website\/~age67481\/passaro\/wp-json\/wp\/v2\/pages"}],"about":[{"href":"http:\/\/br614.teste.website\/~age67481\/passaro\/wp-json\/wp\/v2\/types\/page"}],"author":[{"embeddable":true,"href":"http:\/\/br614.teste.website\/~age67481\/passaro\/wp-json\/wp\/v2\/users\/1"}],"replies":[{"embeddable":true,"href":"http:\/\/br614.teste.website\/~age67481\/passaro\/wp-json\/wp\/v2\/comments?post=6022"}],"version-history":[{"count":16,"href":"http:\/\/br614.teste.website\/~age67481\/passaro\/wp-json\/wp\/v2\/pages\/6022\/revisions"}],"predecessor-version":[{"id":6446,"href":"http:\/\/br614.teste.website\/~age67481\/passaro\/wp-json\/wp\/v2\/pages\/6022\/revisions\/6446"}],"wp:attachment":[{"href":"http:\/\/br614.teste.website\/~age67481\/passaro\/wp-json\/wp\/v2\/media?parent=6022"}],"curies":[{"name":"wp","href":"https:\/\/api.w.org\/{rel}","templated":true}]}}