{"id":6097,"date":"2024-03-16T03:28:38","date_gmt":"2024-03-16T06:28:38","guid":{"rendered":"http:\/\/br614.teste.website\/~age67481\/passaro\/?page_id=6097"},"modified":"2024-03-18T17:18:59","modified_gmt":"2024-03-18T20:18:59","slug":"blog","status":"publish","type":"page","link":"http:\/\/br614.teste.website\/~age67481\/passaro\/blog\/","title":{"rendered":"blog"},"content":{"rendered":"\t\t<div data-elementor-type=\"wp-page\" data-elementor-id=\"6097\" class=\"elementor elementor-6097\">\n\t\t\t\t\t\t<section class=\"elementor-section elementor-top-section elementor-element elementor-element-96e191b elementor-section-boxed elementor-section-height-default elementor-section-height-default wpr-particle-no wpr-jarallax-no wpr-parallax-no wpr-sticky-section-no\" data-id=\"96e191b\" data-element_type=\"section\">\n\t\t\t\t\t\t<div class=\"elementor-container elementor-column-gap-default\">\n\t\t\t\t\t<div class=\"elementor-column elementor-col-100 elementor-top-column elementor-element elementor-element-dbef042\" data-id=\"dbef042\" data-element_type=\"column\">\n\t\t\t<div class=\"elementor-widget-wrap\">\n\t\t\t\t\t\t\t<\/div>\n\t\t<\/div>\n\t\t\t\t\t<\/div>\n\t\t<\/section>\n\t\t\t\t<section class=\"elementor-section elementor-top-section elementor-element elementor-element-59a3987 elementor-section-boxed elementor-section-height-default elementor-section-height-default wpr-particle-no wpr-jarallax-no wpr-parallax-no wpr-sticky-section-no\" data-id=\"59a3987\" data-element_type=\"section\">\n\t\t\t\t\t\t<div class=\"elementor-container elementor-column-gap-default\">\n\t\t\t\t\t<div class=\"elementor-column elementor-col-100 elementor-top-column elementor-element elementor-element-e283033\" data-id=\"e283033\" data-element_type=\"column\">\n\t\t\t<div class=\"elementor-widget-wrap elementor-element-populated\">\n\t\t\t\t\t\t<div class=\"elementor-element elementor-element-1f2d325 elementor-widget elementor-widget-upk-alex-grid\" data-id=\"1f2d325\" data-element_type=\"widget\" data-widget_type=\"upk-alex-grid.default\">\n\t\t\t\t<div class=\"elementor-widget-container\">\n\t\t\t\n\t\t<div class=\"upk-alex-grid\">\n\t\t\t<div class=\"upk-alex-wrap upk-content-right upk-style-3\">\n\n\t\t\t\t\n\t\t\t\t\t\t\t<div class=\"upk-item\">\n\t\t\t<div class=\"upk-image-wrap\">\n\t\t\t\t<img fetchpriority=\"high\" decoding=\"async\" width=\"1024\" height=\"1024\" src=\"http:\/\/br614.teste.website\/~age67481\/passaro\/wp-content\/uploads\/2024\/03\/3.webp\" class=\"upk-img\" alt=\"Estrat\u00e9gias para Arquitetos Atra\u00edrem Clientes de Alto Padr\u00e3o no Instagram\" srcset=\"http:\/\/br614.teste.website\/~age67481\/passaro\/wp-content\/uploads\/2024\/03\/3.webp 1024w, http:\/\/br614.teste.website\/~age67481\/passaro\/wp-content\/uploads\/2024\/03\/3-300x300.webp 300w, http:\/\/br614.teste.website\/~age67481\/passaro\/wp-content\/uploads\/2024\/03\/3-150x150.webp 150w, http:\/\/br614.teste.website\/~age67481\/passaro\/wp-content\/uploads\/2024\/03\/3-480x480.webp 480w, http:\/\/br614.teste.website\/~age67481\/passaro\/wp-content\/uploads\/2024\/03\/3-840x840.webp 840w\" sizes=\"(max-width: 1024px) 100vw, 1024px\" \/>\n\t\t\t\t\t\t\n\t\n\t\t\t\t\n\t\t\t\t<div class=\"upk-content-wrap\">\n\n\t\t\t\t\t<div class=\"upk-content\">\n\t\t\t\t\t\t\t\t<div class=\"upk-category\">\n\t\t\t<a href=\"http:\/\/br614.teste.website\/~age67481\/passaro\/category\/arquitetura\/\">Arquitetura<\/a> <a href=\"http:\/\/br614.teste.website\/~age67481\/passaro\/category\/branding\/\">Branding<\/a> <a href=\"http:\/\/br614.teste.website\/~age67481\/passaro\/category\/digital\/\">Digital<\/a>\t\t<\/div>\n\t\t\t\t\t\t\t<h3 class=\"upk-title\"><a href=\"http:\/\/br614.teste.website\/~age67481\/passaro\/2024\/03\/18\/estrategias-para-arquitetos-atrairem-clientes-de-alto-padrao-no-instagram\/\" title=\"Estrat\u00e9gias para Arquitetos Atra\u00edrem Clientes de Alto Padr\u00e3o no Instagram\" class=\"title-animation-\" >Estrat\u00e9gias para Arquitetos Atra\u00edrem Clientes de Alto Padr\u00e3o no Instagram<\/a><\/h3>\t\t\t\t\t<\/div>\n\n\t\t\t\t\t\t\t<div class=\"upk-button-wrap\">\n\t\t\t<a href=\"http:\/\/br614.teste.website\/~age67481\/passaro\/2024\/03\/18\/estrategias-para-arquitetos-atrairem-clientes-de-alto-padrao-no-instagram\/\" class=\"upk-readmore\">\n\t\t\t\t<span class=\"upk-readmore-icon\"><span><\/span><\/span>\n\t\t\t<\/a>\n\t\t<\/div>\n\t\n\t\t\t\t<\/div>\n\t\t\t<\/div>\n\t\t<\/div>\n\t\n\t\t\t\t\n\t\t\t\t\t\t\t<div class=\"upk-item\">\n\t\t\t<div class=\"upk-image-wrap\">\n\t\t\t\t<img decoding=\"async\" width=\"1024\" height=\"1024\" src=\"http:\/\/br614.teste.website\/~age67481\/passaro\/wp-content\/uploads\/2024\/03\/Imagem-criada-pelo-Dall-e.webp\" class=\"upk-img\" alt=\"Design Inovador: Tend\u00eancias Emergentes em Arquitetura de Alto Padr\u00e3o para 2024\" srcset=\"http:\/\/br614.teste.website\/~age67481\/passaro\/wp-content\/uploads\/2024\/03\/Imagem-criada-pelo-Dall-e.webp 1024w, http:\/\/br614.teste.website\/~age67481\/passaro\/wp-content\/uploads\/2024\/03\/Imagem-criada-pelo-Dall-e-300x300.webp 300w, http:\/\/br614.teste.website\/~age67481\/passaro\/wp-content\/uploads\/2024\/03\/Imagem-criada-pelo-Dall-e-150x150.webp 150w, http:\/\/br614.teste.website\/~age67481\/passaro\/wp-content\/uploads\/2024\/03\/Imagem-criada-pelo-Dall-e-480x480.webp 480w, http:\/\/br614.teste.website\/~age67481\/passaro\/wp-content\/uploads\/2024\/03\/Imagem-criada-pelo-Dall-e-840x840.webp 840w\" sizes=\"(max-width: 1024px) 100vw, 1024px\" \/>\n\t\t\t\t\t\t\n\t\n\t\t\t\t\n\t\t\t\t<div class=\"upk-content-wrap\">\n\n\t\t\t\t\t<div class=\"upk-content\">\n\t\t\t\t\t\t\t\t<div class=\"upk-category\">\n\t\t\t<a href=\"http:\/\/br614.teste.website\/~age67481\/passaro\/category\/arquitetura\/\">Arquitetura<\/a> <a href=\"http:\/\/br614.teste.website\/~age67481\/passaro\/category\/tendencia\/\">Tend\u00eancia<\/a>\t\t<\/div>\n\t\t\t\t\t\t\t<h3 class=\"upk-title\"><a href=\"http:\/\/br614.teste.website\/~age67481\/passaro\/2024\/03\/18\/design-inovador-tendencias-emergentes-em-arquitetura-de-alto-padrao-para-2024\/\" title=\"Design Inovador: Tend\u00eancias Emergentes em Arquitetura de Alto Padr\u00e3o para 2024\" class=\"title-animation-\" >Design Inovador: Tend\u00eancias Emergentes em Arquitetura de Alto Padr\u00e3o para 2024<\/a><\/h3>\t\t\t\t\t<\/div>\n\n\t\t\t\t\t\t\t<div class=\"upk-button-wrap\">\n\t\t\t<a href=\"http:\/\/br614.teste.website\/~age67481\/passaro\/2024\/03\/18\/design-inovador-tendencias-emergentes-em-arquitetura-de-alto-padrao-para-2024\/\" class=\"upk-readmore\">\n\t\t\t\t<span class=\"upk-readmore-icon\"><span><\/span><\/span>\n\t\t\t<\/a>\n\t\t<\/div>\n\t\n\t\t\t\t<\/div>\n\t\t\t<\/div>\n\t\t<\/div>\n\t\n\t\t\t\t\n\t\t\t\t\t\t\t<div class=\"upk-item\">\n\t\t\t<div class=\"upk-image-wrap\">\n\t\t\t\t<img decoding=\"async\" width=\"1024\" height=\"1024\" src=\"http:\/\/br614.teste.website\/~age67481\/passaro\/wp-content\/uploads\/2024\/03\/5.webp\" class=\"upk-img\" alt=\"5 estrat\u00e9gias essenciais de Marketing e Branding para Arquitetos e Construtoras de Alto Padr\u00e3o\" srcset=\"http:\/\/br614.teste.website\/~age67481\/passaro\/wp-content\/uploads\/2024\/03\/5.webp 1024w, http:\/\/br614.teste.website\/~age67481\/passaro\/wp-content\/uploads\/2024\/03\/5-300x300.webp 300w, http:\/\/br614.teste.website\/~age67481\/passaro\/wp-content\/uploads\/2024\/03\/5-150x150.webp 150w, http:\/\/br614.teste.website\/~age67481\/passaro\/wp-content\/uploads\/2024\/03\/5-480x480.webp 480w, http:\/\/br614.teste.website\/~age67481\/passaro\/wp-content\/uploads\/2024\/03\/5-840x840.webp 840w\" sizes=\"(max-width: 1024px) 100vw, 1024px\" \/>\n\t\t\t\t\t\t\n\t\n\t\t\t\t\n\t\t\t\t<div class=\"upk-content-wrap\">\n\n\t\t\t\t\t<div class=\"upk-content\">\n\t\t\t\t\t\t\t\t<div class=\"upk-category\">\n\t\t\t<a href=\"http:\/\/br614.teste.website\/~age67481\/passaro\/category\/arquitetura\/\">Arquitetura<\/a> <a href=\"http:\/\/br614.teste.website\/~age67481\/passaro\/category\/branding\/\">Branding<\/a> <a href=\"http:\/\/br614.teste.website\/~age67481\/passaro\/category\/marketing\/\">Marketing<\/a>\t\t<\/div>\n\t\t\t\t\t\t\t<h3 class=\"upk-title\"><a href=\"http:\/\/br614.teste.website\/~age67481\/passaro\/2024\/03\/18\/5-estrategias-essenciais-de-marketing-e-branding-para-arquitetos-e-construtoras-de-alto-padrao\/\" title=\"5 estrat\u00e9gias essenciais de Marketing e Branding para Arquitetos e Construtoras de Alto Padr\u00e3o\" class=\"title-animation-\" >5 estrat\u00e9gias essenciais de Marketing e Branding para Arquitetos e Construtoras de Alto Padr\u00e3o<\/a><\/h3>\t\t\t\t\t<\/div>\n\n\t\t\t\t\t\t\t<div class=\"upk-button-wrap\">\n\t\t\t<a href=\"http:\/\/br614.teste.website\/~age67481\/passaro\/2024\/03\/18\/5-estrategias-essenciais-de-marketing-e-branding-para-arquitetos-e-construtoras-de-alto-padrao\/\" class=\"upk-readmore\">\n\t\t\t\t<span class=\"upk-readmore-icon\"><span><\/span><\/span>\n\t\t\t<\/a>\n\t\t<\/div>\n\t\n\t\t\t\t<\/div>\n\t\t\t<\/div>\n\t\t<\/div>\n\t\n\t\t\t\t\n\t\t\t\t\t\t\t<div class=\"upk-item\">\n\t\t\t<div class=\"upk-image-wrap\">\n\t\t\t\t<img loading=\"lazy\" decoding=\"async\" width=\"1024\" height=\"1024\" src=\"http:\/\/br614.teste.website\/~age67481\/passaro\/wp-content\/uploads\/2024\/03\/2-1.webp\" class=\"upk-img\" alt=\"A Nova Sustentabilidade: A est\u00e9tica encontra\" srcset=\"http:\/\/br614.teste.website\/~age67481\/passaro\/wp-content\/uploads\/2024\/03\/2-1.webp 1024w, http:\/\/br614.teste.website\/~age67481\/passaro\/wp-content\/uploads\/2024\/03\/2-1-300x300.webp 300w, http:\/\/br614.teste.website\/~age67481\/passaro\/wp-content\/uploads\/2024\/03\/2-1-150x150.webp 150w, http:\/\/br614.teste.website\/~age67481\/passaro\/wp-content\/uploads\/2024\/03\/2-1-480x480.webp 480w, http:\/\/br614.teste.website\/~age67481\/passaro\/wp-content\/uploads\/2024\/03\/2-1-840x840.webp 840w\" sizes=\"(max-width: 1024px) 100vw, 1024px\" \/>\n\t\t\t\t\t\t\n\t\n\t\t\t\t\n\t\t\t\t<div class=\"upk-content-wrap\">\n\n\t\t\t\t\t<div class=\"upk-content\">\n\t\t\t\t\t\t\t\t<div class=\"upk-category\">\n\t\t\t<a href=\"http:\/\/br614.teste.website\/~age67481\/passaro\/category\/arquitetura\/\">Arquitetura<\/a> <a href=\"http:\/\/br614.teste.website\/~age67481\/passaro\/category\/sustentabilidade\/\">Sustentabilidade<\/a>\t\t<\/div>\n\t\t\t\t\t\t\t<h3 class=\"upk-title\"><a href=\"http:\/\/br614.teste.website\/~age67481\/passaro\/2024\/03\/18\/a-nova-sustentabilidade-a-estetica-encontra\/\" title=\"A Nova Sustentabilidade: A est\u00e9tica encontra\" class=\"title-animation-\" >A Nova Sustentabilidade: A est\u00e9tica encontra<\/a><\/h3>\t\t\t\t\t<\/div>\n\n\t\t\t\t\t\t\t<div class=\"upk-button-wrap\">\n\t\t\t<a href=\"http:\/\/br614.teste.website\/~age67481\/passaro\/2024\/03\/18\/a-nova-sustentabilidade-a-estetica-encontra\/\" class=\"upk-readmore\">\n\t\t\t\t<span class=\"upk-readmore-icon\"><span><\/span><\/span>\n\t\t\t<\/a>\n\t\t<\/div>\n\t\n\t\t\t\t<\/div>\n\t\t\t<\/div>\n\t\t<\/div>\n\t\n\t\t\t\t\n\t\t\t<\/div>\n\t\t<\/div>\n\n\t\t\t\t<\/div>\n\t\t\t\t<\/div>\n\t\t\t\t\t<\/div>\n\t\t<\/div>\n\t\t\t\t\t<\/div>\n\t\t<\/section>\n\t\t\t\t<\/div>\n\t\t","protected":false},"excerpt":{"rendered":"<p>Arquitetura Branding Digital Estrat\u00e9gias para Arquitetos Atra\u00edrem Clientes de Alto Padr\u00e3o no Instagram Arquitetura Tend\u00eancia Design Inovador: Tend\u00eancias Emergentes em Arquitetura de Alto Padr\u00e3o para 2024 Arquitetura Branding Marketing 5 estrat\u00e9gias essenciais de Marketing e Branding para Arquitetos e Construtoras de&#8230;<\/p>\n","protected":false},"author":1,"featured_media":0,"parent":0,"menu_order":0,"comment_status":"closed","ping_status":"closed","template":"","meta":{"footnotes":""},"class_list":["post-6097","page","type-page","status-publish","hentry"],"_links":{"self":[{"href":"http:\/\/br614.teste.website\/~age67481\/passaro\/wp-json\/wp\/v2\/pages\/6097","targetHints":{"allow":["GET"]}}],"collection":[{"href":"http:\/\/br614.teste.website\/~age67481\/passaro\/wp-json\/wp\/v2\/pages"}],"about":[{"href":"http:\/\/br614.teste.website\/~age67481\/passaro\/wp-json\/wp\/v2\/types\/page"}],"author":[{"embeddable":true,"href":"http:\/\/br614.teste.website\/~age67481\/passaro\/wp-json\/wp\/v2\/users\/1"}],"replies":[{"embeddable":true,"href":"http:\/\/br614.teste.website\/~age67481\/passaro\/wp-json\/wp\/v2\/comments?post=6097"}],"version-history":[{"count":13,"href":"http:\/\/br614.teste.website\/~age67481\/passaro\/wp-json\/wp\/v2\/pages\/6097\/revisions"}],"predecessor-version":[{"id":6326,"href":"http:\/\/br614.teste.website\/~age67481\/passaro\/wp-json\/wp\/v2\/pages\/6097\/revisions\/6326"}],"wp:attachment":[{"href":"http:\/\/br614.teste.website\/~age67481\/passaro\/wp-json\/wp\/v2\/media?parent=6097"}],"curies":[{"name":"wp","href":"https:\/\/api.w.org\/{rel}","templated":true}]}}