{"id":154,"date":"2024-11-20T16:26:01","date_gmt":"2024-11-20T19:26:01","guid":{"rendered":"http:\/\/br614.teste.website\/~age67481\/savanavet\/?page_id=154"},"modified":"2025-01-28T11:28:06","modified_gmt":"2025-01-28T14:28:06","slug":"sobre-mim","status":"publish","type":"page","link":"http:\/\/br614.teste.website\/~age67481\/savanavet\/sobre-mim\/","title":{"rendered":"SOBRE MIM"},"content":{"rendered":"\t\t<div data-elementor-type=\"wp-page\" data-elementor-id=\"154\" class=\"elementor elementor-154\">\n\t\t\t\t\t\t<section class=\"elementor-section elementor-top-section elementor-element elementor-element-144b219 elementor-section-boxed elementor-section-height-default elementor-section-height-default\" data-id=\"144b219\" data-element_type=\"section\">\n\t\t\t\t\t\t<div class=\"elementor-container elementor-column-gap-default\">\n\t\t\t\t\t<div class=\"elementor-column elementor-col-50 elementor-top-column elementor-element elementor-element-c918767\" data-id=\"c918767\" data-element_type=\"column\">\n\t\t\t<div class=\"elementor-widget-wrap elementor-element-populated\">\n\t\t\t\t\t\t<div class=\"elementor-element elementor-element-f5834e5 elementor-widget elementor-widget-heading\" data-id=\"f5834e5\" data-element_type=\"widget\" data-widget_type=\"heading.default\">\n\t\t\t\t<div class=\"elementor-widget-container\">\n\t\t\t\t\t<h2 class=\"elementor-heading-title elementor-size-default\">SOBRE MIM<\/h2>\t\t\t\t<\/div>\n\t\t\t\t<\/div>\n\t\t\t\t<div class=\"elementor-element elementor-element-acb23b2 elementor-widget__width-initial elementor-widget elementor-widget-heading\" data-id=\"acb23b2\" data-element_type=\"widget\" data-widget_type=\"heading.default\">\n\t\t\t\t<div class=\"elementor-widget-container\">\n\t\t\t\t\t<h2 class=\"elementor-heading-title elementor-size-default\">Ol\u00e1, eu sou a\nDaniela Nicknick!<\/h2>\t\t\t\t<\/div>\n\t\t\t\t<\/div>\n\t\t\t\t<div class=\"elementor-element elementor-element-78822ad elementor-widget__width-initial elementor-widget elementor-widget-heading\" data-id=\"78822ad\" data-element_type=\"widget\" data-widget_type=\"heading.default\">\n\t\t\t\t<div class=\"elementor-widget-container\">\n\t\t\t\t\t<h2 class=\"elementor-heading-title elementor-size-default\">CRMV-RS 15.714<\/h2>\t\t\t\t<\/div>\n\t\t\t\t<\/div>\n\t\t\t\t<div class=\"elementor-element elementor-element-1a97657 elementor-widget__width-initial elementor-widget elementor-widget-image\" data-id=\"1a97657\" data-element_type=\"widget\" data-widget_type=\"image.default\">\n\t\t\t\t<div class=\"elementor-widget-container\">\n\t\t\t\t\t\t\t\t\t\t\t\t\t\t\t<img fetchpriority=\"high\" decoding=\"async\" width=\"819\" height=\"1024\" src=\"http:\/\/br614.teste.website\/~age67481\/savanavet\/wp-content\/uploads\/2024\/11\/Snapinsta.app_449708335_1238446597321070_84863337407611009_n_1080-819x1024.jpg\" class=\"attachment-large size-large wp-image-61\" alt=\"\" srcset=\"http:\/\/br614.teste.website\/~age67481\/savanavet\/wp-content\/uploads\/2024\/11\/Snapinsta.app_449708335_1238446597321070_84863337407611009_n_1080-819x1024.jpg 819w, http:\/\/br614.teste.website\/~age67481\/savanavet\/wp-content\/uploads\/2024\/11\/Snapinsta.app_449708335_1238446597321070_84863337407611009_n_1080-240x300.jpg 240w, http:\/\/br614.teste.website\/~age67481\/savanavet\/wp-content\/uploads\/2024\/11\/Snapinsta.app_449708335_1238446597321070_84863337407611009_n_1080-768x960.jpg 768w, http:\/\/br614.teste.website\/~age67481\/savanavet\/wp-content\/uploads\/2024\/11\/Snapinsta.app_449708335_1238446597321070_84863337407611009_n_1080-200x250.jpg 200w, http:\/\/br614.teste.website\/~age67481\/savanavet\/wp-content\/uploads\/2024\/11\/Snapinsta.app_449708335_1238446597321070_84863337407611009_n_1080.jpg 1080w\" sizes=\"(max-width: 819px) 100vw, 819px\" \/>\t\t\t\t\t\t\t\t\t\t\t\t\t\t\t<\/div>\n\t\t\t\t<\/div>\n\t\t\t\t\t<\/div>\n\t\t<\/div>\n\t\t\t\t<div class=\"elementor-column elementor-col-50 elementor-top-column elementor-element elementor-element-81b8d65\" data-id=\"81b8d65\" data-element_type=\"column\">\n\t\t\t<div class=\"elementor-widget-wrap elementor-element-populated\">\n\t\t\t\t\t\t<div class=\"elementor-element elementor-element-7ac239b elementor-widget__width-initial elementor-widget elementor-widget-text-editor\" data-id=\"7ac239b\" data-element_type=\"widget\" data-widget_type=\"text-editor.default\">\n\t\t\t\t<div class=\"elementor-widget-container\">\n\t\t\t\t\t\t\t\t\t<ul><li style=\"font-weight: 400;\" aria-level=\"1\"><span style=\"font-weight: 400;\">M\u00e9dica Veterin\u00e1ria formada pela Universidade Federal do Rio Grande do Sul (UFRGS) em 2017;<\/span><\/li><li style=\"font-weight: 400;\" aria-level=\"1\"><span style=\"font-weight: 400;\">Gradua\u00e7\u00e3o sandu\u00edche The University of Queensland &#8211; Australia, 2013 &#8211; 2015;<\/span><\/li><li style=\"font-weight: 400;\" aria-level=\"1\"><span style=\"font-weight: 400;\">Resid\u00eancia em Cl\u00ednica e Cirurgia de Animais Silvestres pela Universidade Federal do Rio Grande do Sul (UFRGS), 2018-2020;<\/span><\/li><li style=\"font-weight: 400;\" aria-level=\"1\"><span style=\"font-weight: 400;\">P\u00f3s-graduada em Odontologia Veterin\u00e1ria pela ANCLIVEPA-SP, 2022-2023;<\/span><\/li><li style=\"font-weight: 400;\" aria-level=\"1\"><span style=\"font-weight: 400;\">Fui presidente do Grupo de Estudos em Animais Selvagens (GEAS) da UFRGS durante a gradua\u00e7\u00e3o;<\/span><\/li><li style=\"font-weight: 400;\" aria-level=\"1\"><span style=\"font-weight: 400;\">Fui diretora de projetos do GEAS Brasil;<\/span><\/li><li style=\"font-weight: 400;\" aria-level=\"1\"><span style=\"font-weight: 400;\">Realizei diversos est\u00e1gios com animais silvestres e marinhos durante a gradua\u00e7\u00e3o;<\/span><\/li><li style=\"font-weight: 400;\" aria-level=\"1\"><span style=\"font-weight: 400;\">Sou palestrante nas \u00e1reas de medicina de pets n\u00e3o convencionais e odontologia veterin\u00e1ria<\/span><\/li><\/ul>\t\t\t\t\t\t\t\t<\/div>\n\t\t\t\t<\/div>\n\t\t\t\t\t<\/div>\n\t\t<\/div>\n\t\t\t\t\t<\/div>\n\t\t<\/section>\n\t\t\t\t<\/div>\n\t\t","protected":false},"excerpt":{"rendered":"<p>SOBRE MIM Ol\u00e1, eu sou a Daniela Nicknick! CRMV-RS 15.714 M\u00e9dica Veterin\u00e1ria formada pela Universidade Federal do Rio Grande do Sul (UFRGS) em 2017; Gradua\u00e7\u00e3o sandu\u00edche The University of Queensland &#8211; Australia, 2013 &#8211; 2015; Resid\u00eancia em Cl\u00ednica e Cirurgia de Animais Silvestres pela Universidade Federal do Rio Grande do Sul (UFRGS), 2018-2020; P\u00f3s-graduada em&hellip;&nbsp;<a href=\"http:\/\/br614.teste.website\/~age67481\/savanavet\/sobre-mim\/\" class=\"\" rel=\"bookmark\">Continue a ler &raquo;<span class=\"screen-reader-text\">SOBRE MIM<\/span><\/a><\/p>\n","protected":false},"author":1,"featured_media":0,"parent":0,"menu_order":0,"comment_status":"closed","ping_status":"closed","template":"page-templates\/template-pagebuilder-full-width.php","meta":{"neve_meta_sidebar":"","neve_meta_container":"","neve_meta_enable_content_width":"","neve_meta_content_width":0,"neve_meta_title_alignment":"","neve_meta_author_avatar":"","neve_post_elements_order":"","neve_meta_disable_header":"","neve_meta_disable_footer":"","neve_meta_disable_title":"","_joinchat":[],"footnotes":""},"class_list":["post-154","page","type-page","status-publish","hentry"],"_links":{"self":[{"href":"http:\/\/br614.teste.website\/~age67481\/savanavet\/wp-json\/wp\/v2\/pages\/154","targetHints":{"allow":["GET"]}}],"collection":[{"href":"http:\/\/br614.teste.website\/~age67481\/savanavet\/wp-json\/wp\/v2\/pages"}],"about":[{"href":"http:\/\/br614.teste.website\/~age67481\/savanavet\/wp-json\/wp\/v2\/types\/page"}],"author":[{"embeddable":true,"href":"http:\/\/br614.teste.website\/~age67481\/savanavet\/wp-json\/wp\/v2\/users\/1"}],"replies":[{"embeddable":true,"href":"http:\/\/br614.teste.website\/~age67481\/savanavet\/wp-json\/wp\/v2\/comments?post=154"}],"version-history":[{"count":19,"href":"http:\/\/br614.teste.website\/~age67481\/savanavet\/wp-json\/wp\/v2\/pages\/154\/revisions"}],"predecessor-version":[{"id":262,"href":"http:\/\/br614.teste.website\/~age67481\/savanavet\/wp-json\/wp\/v2\/pages\/154\/revisions\/262"}],"wp:attachment":[{"href":"http:\/\/br614.teste.website\/~age67481\/savanavet\/wp-json\/wp\/v2\/media?parent=154"}],"curies":[{"name":"wp","href":"https:\/\/api.w.org\/{rel}","templated":true}]}}