{"id":179,"date":"2024-11-20T16:45:02","date_gmt":"2024-11-20T19:45:02","guid":{"rendered":"http:\/\/br614.teste.website\/~age67481\/savanavet\/?page_id=179"},"modified":"2024-11-20T17:21:06","modified_gmt":"2024-11-20T20:21:06","slug":"medicina-de-pets-nao-convencionais","status":"publish","type":"page","link":"http:\/\/br614.teste.website\/~age67481\/savanavet\/medicina-de-pets-nao-convencionais\/","title":{"rendered":"MEDICINA DE PETS N\u00c3O CONVENCIONAIS"},"content":{"rendered":"\t\t<div data-elementor-type=\"wp-page\" data-elementor-id=\"179\" class=\"elementor elementor-179\">\n\t\t\t\t\t\t<section class=\"elementor-section elementor-top-section elementor-element elementor-element-073b98e elementor-section-full_width elementor-section-height-default elementor-section-height-default\" data-id=\"073b98e\" data-element_type=\"section\" data-settings=\"{&quot;background_background&quot;:&quot;classic&quot;}\">\n\t\t\t\t\t\t\t<div class=\"elementor-background-overlay\"><\/div>\n\t\t\t\t\t\t\t<div class=\"elementor-container elementor-column-gap-default\">\n\t\t\t\t\t<div class=\"elementor-column elementor-col-100 elementor-top-column elementor-element elementor-element-dab8504\" data-id=\"dab8504\" data-element_type=\"column\">\n\t\t\t<div class=\"elementor-widget-wrap elementor-element-populated\">\n\t\t\t\t\t\t<section class=\"elementor-section elementor-inner-section elementor-element elementor-element-fbc2697 elementor-section-boxed elementor-section-height-default elementor-section-height-default\" data-id=\"fbc2697\" data-element_type=\"section\">\n\t\t\t\t\t\t<div class=\"elementor-container elementor-column-gap-default\">\n\t\t\t\t\t<div class=\"elementor-column elementor-col-50 elementor-inner-column elementor-element elementor-element-dbca88a\" data-id=\"dbca88a\" data-element_type=\"column\">\n\t\t\t<div class=\"elementor-widget-wrap elementor-element-populated\">\n\t\t\t\t\t\t<div class=\"elementor-element elementor-element-2978520 elementor-widget__width-initial elementor-widget elementor-widget-heading\" data-id=\"2978520\" data-element_type=\"widget\" data-widget_type=\"heading.default\">\n\t\t\t\t<div class=\"elementor-widget-container\">\n\t\t\t\t\t<h2 class=\"elementor-heading-title elementor-size-default\">Medicina de pets n\u00e3o convencionais<\/h2>\t\t\t\t<\/div>\n\t\t\t\t<\/div>\n\t\t\t\t<div class=\"elementor-element elementor-element-0c20de9 elementor-widget__width-initial elementor-widget-mobile__width-initial elementor-widget elementor-widget-text-editor\" data-id=\"0c20de9\" data-element_type=\"widget\" data-widget_type=\"text-editor.default\">\n\t\t\t\t<div class=\"elementor-widget-container\">\n\t\t\t\t\t\t\t\t\t<p><span style=\"font-weight: 400;\">Os pets n\u00e3o convencionais, como r\u00e9pteis, aves, roedores e pequenos mam\u00edferos, precisam de atendimento veterin\u00e1rio especializado.<\/span><\/p>\t\t\t\t\t\t\t\t<\/div>\n\t\t\t\t<\/div>\n\t\t\t\t\t<\/div>\n\t\t<\/div>\n\t\t\t\t<div class=\"elementor-column elementor-col-50 elementor-inner-column elementor-element elementor-element-54b554e\" data-id=\"54b554e\" data-element_type=\"column\">\n\t\t\t<div class=\"elementor-widget-wrap\">\n\t\t\t\t\t\t\t<\/div>\n\t\t<\/div>\n\t\t\t\t\t<\/div>\n\t\t<\/section>\n\t\t\t\t\t<\/div>\n\t\t<\/div>\n\t\t\t\t\t<\/div>\n\t\t<\/section>\n\t\t\t\t<section class=\"elementor-section elementor-top-section elementor-element elementor-element-7006f64 elementor-section-boxed elementor-section-height-default elementor-section-height-default\" data-id=\"7006f64\" data-element_type=\"section\">\n\t\t\t\t\t\t<div class=\"elementor-container elementor-column-gap-default\">\n\t\t\t\t\t<div class=\"elementor-column elementor-col-50 elementor-top-column elementor-element elementor-element-92c19c3\" data-id=\"92c19c3\" data-element_type=\"column\">\n\t\t\t<div class=\"elementor-widget-wrap elementor-element-populated\">\n\t\t\t\t\t\t<div class=\"elementor-element elementor-element-b8cef2f elementor-widget elementor-widget-image\" data-id=\"b8cef2f\" data-element_type=\"widget\" data-widget_type=\"image.default\">\n\t\t\t\t<div class=\"elementor-widget-container\">\n\t\t\t\t\t\t\t\t\t\t\t\t\t\t\t<img fetchpriority=\"high\" decoding=\"async\" width=\"1000\" height=\"375\" src=\"http:\/\/br614.teste.website\/~age67481\/savanavet\/wp-content\/uploads\/2024\/11\/24259.jpg\" class=\"attachment-large size-large wp-image-195\" alt=\"\" srcset=\"http:\/\/br614.teste.website\/~age67481\/savanavet\/wp-content\/uploads\/2024\/11\/24259.jpg 1000w, http:\/\/br614.teste.website\/~age67481\/savanavet\/wp-content\/uploads\/2024\/11\/24259-300x113.jpg 300w, http:\/\/br614.teste.website\/~age67481\/savanavet\/wp-content\/uploads\/2024\/11\/24259-768x288.jpg 768w, http:\/\/br614.teste.website\/~age67481\/savanavet\/wp-content\/uploads\/2024\/11\/24259-200x75.jpg 200w\" sizes=\"(max-width: 1000px) 100vw, 1000px\" \/>\t\t\t\t\t\t\t\t\t\t\t\t\t\t\t<\/div>\n\t\t\t\t<\/div>\n\t\t\t\t\t<\/div>\n\t\t<\/div>\n\t\t\t\t<div class=\"elementor-column elementor-col-50 elementor-top-column elementor-element elementor-element-df89e92\" data-id=\"df89e92\" data-element_type=\"column\">\n\t\t\t<div class=\"elementor-widget-wrap elementor-element-populated\">\n\t\t\t\t\t\t<div class=\"elementor-element elementor-element-c5293d8 elementor-widget elementor-widget-heading\" data-id=\"c5293d8\" data-element_type=\"widget\" data-widget_type=\"heading.default\">\n\t\t\t\t<div class=\"elementor-widget-container\">\n\t\t\t\t\t<h2 class=\"elementor-heading-title elementor-size-default\">Necessidades de sa\u00fade espec\u00edficas<\/h2>\t\t\t\t<\/div>\n\t\t\t\t<\/div>\n\t\t\t\t<div class=\"elementor-element elementor-element-986e2a1 elementor-widget elementor-widget-text-editor\" data-id=\"986e2a1\" data-element_type=\"widget\" data-widget_type=\"text-editor.default\">\n\t\t\t\t<div class=\"elementor-widget-container\">\n\t\t\t\t\t\t\t\t\t<p><span style=\"font-weight: 400;\">Cada esp\u00e9cie de animal tem suas pr\u00f3prias necessidades de sa\u00fade e exig\u00eancias nutricionais. Veterin\u00e1rios especializados nesses animais t\u00eam conhecimento sobre as doen\u00e7as comuns, os cuidados preventivos e os tratamentos espec\u00edficos necess\u00e1rios para cada esp\u00e9cie.<\/span><\/p>\t\t\t\t\t\t\t\t<\/div>\n\t\t\t\t<\/div>\n\t\t\t\t\t<\/div>\n\t\t<\/div>\n\t\t\t\t\t<\/div>\n\t\t<\/section>\n\t\t\t\t<section class=\"elementor-section elementor-top-section elementor-element elementor-element-e6c0be6 elementor-reverse-mobile elementor-section-boxed elementor-section-height-default elementor-section-height-default\" data-id=\"e6c0be6\" data-element_type=\"section\">\n\t\t\t\t\t\t<div class=\"elementor-container elementor-column-gap-default\">\n\t\t\t\t\t<div class=\"elementor-column elementor-col-50 elementor-top-column elementor-element elementor-element-ed01d34\" data-id=\"ed01d34\" data-element_type=\"column\">\n\t\t\t<div class=\"elementor-widget-wrap elementor-element-populated\">\n\t\t\t\t\t\t<div class=\"elementor-element elementor-element-8e44779 elementor-widget elementor-widget-heading\" data-id=\"8e44779\" data-element_type=\"widget\" data-widget_type=\"heading.default\">\n\t\t\t\t<div class=\"elementor-widget-container\">\n\t\t\t\t\t<h2 class=\"elementor-heading-title elementor-size-default\">Diferen\u00e7as anat\u00f4micas e fisiol\u00f3gicas<\/h2>\t\t\t\t<\/div>\n\t\t\t\t<\/div>\n\t\t\t\t<div class=\"elementor-element elementor-element-809562c elementor-widget elementor-widget-text-editor\" data-id=\"809562c\" data-element_type=\"widget\" data-widget_type=\"text-editor.default\">\n\t\t\t\t<div class=\"elementor-widget-container\">\n\t\t\t\t\t\t\t\t\t<p><span style=\"font-weight: 400;\">Os pets n\u00e3o convencionais t\u00eam anatomia e fisiologia diferentes dos c\u00e3es e gatos. Por exemplo, r\u00e9pteis t\u00eam um sistema respirat\u00f3rio diferente e aves t\u00eam estruturas \u00f3sseas e respirat\u00f3rias \u00fanicas. Veterin\u00e1rios especializados compreendem essas diferen\u00e7as e como elas afetam a sa\u00fade e o bem-estar dos animais.<\/span><\/p>\t\t\t\t\t\t\t\t<\/div>\n\t\t\t\t<\/div>\n\t\t\t\t\t<\/div>\n\t\t<\/div>\n\t\t\t\t<div class=\"elementor-column elementor-col-50 elementor-top-column elementor-element elementor-element-aa9e320\" data-id=\"aa9e320\" data-element_type=\"column\">\n\t\t\t<div class=\"elementor-widget-wrap elementor-element-populated\">\n\t\t\t\t\t\t<div class=\"elementor-element elementor-element-f536921 elementor-widget elementor-widget-image\" data-id=\"f536921\" data-element_type=\"widget\" data-widget_type=\"image.default\">\n\t\t\t\t<div class=\"elementor-widget-container\">\n\t\t\t\t\t\t\t\t\t\t\t\t\t\t\t<img decoding=\"async\" width=\"1024\" height=\"498\" src=\"http:\/\/br614.teste.website\/~age67481\/savanavet\/wp-content\/uploads\/2024\/11\/167-1024x498.jpg\" class=\"attachment-large size-large wp-image-196\" alt=\"\" srcset=\"http:\/\/br614.teste.website\/~age67481\/savanavet\/wp-content\/uploads\/2024\/11\/167-1024x498.jpg 1024w, http:\/\/br614.teste.website\/~age67481\/savanavet\/wp-content\/uploads\/2024\/11\/167-300x146.jpg 300w, http:\/\/br614.teste.website\/~age67481\/savanavet\/wp-content\/uploads\/2024\/11\/167-768x374.jpg 768w, http:\/\/br614.teste.website\/~age67481\/savanavet\/wp-content\/uploads\/2024\/11\/167-200x97.jpg 200w, http:\/\/br614.teste.website\/~age67481\/savanavet\/wp-content\/uploads\/2024\/11\/167.jpg 1500w\" sizes=\"(max-width: 1024px) 100vw, 1024px\" \/>\t\t\t\t\t\t\t\t\t\t\t\t\t\t\t<\/div>\n\t\t\t\t<\/div>\n\t\t\t\t\t<\/div>\n\t\t<\/div>\n\t\t\t\t\t<\/div>\n\t\t<\/section>\n\t\t\t\t<section class=\"elementor-section elementor-top-section elementor-element elementor-element-427ef77 elementor-section-boxed elementor-section-height-default elementor-section-height-default\" data-id=\"427ef77\" data-element_type=\"section\">\n\t\t\t\t\t\t<div class=\"elementor-container elementor-column-gap-default\">\n\t\t\t\t\t<div class=\"elementor-column elementor-col-50 elementor-top-column elementor-element elementor-element-d9a3735\" data-id=\"d9a3735\" data-element_type=\"column\">\n\t\t\t<div class=\"elementor-widget-wrap elementor-element-populated\">\n\t\t\t\t\t\t<div class=\"elementor-element elementor-element-0a4ddc3 elementor-widget__width-initial elementor-widget elementor-widget-image\" data-id=\"0a4ddc3\" data-element_type=\"widget\" data-widget_type=\"image.default\">\n\t\t\t\t<div class=\"elementor-widget-container\">\n\t\t\t\t\t\t\t\t\t\t\t\t\t\t\t<img decoding=\"async\" width=\"1024\" height=\"683\" src=\"http:\/\/br614.teste.website\/~age67481\/savanavet\/wp-content\/uploads\/2024\/11\/45790-1024x683.jpg\" class=\"attachment-large size-large wp-image-199\" alt=\"\" srcset=\"http:\/\/br614.teste.website\/~age67481\/savanavet\/wp-content\/uploads\/2024\/11\/45790-1024x683.jpg 1024w, http:\/\/br614.teste.website\/~age67481\/savanavet\/wp-content\/uploads\/2024\/11\/45790-300x200.jpg 300w, http:\/\/br614.teste.website\/~age67481\/savanavet\/wp-content\/uploads\/2024\/11\/45790-768x512.jpg 768w, http:\/\/br614.teste.website\/~age67481\/savanavet\/wp-content\/uploads\/2024\/11\/45790-200x133.jpg 200w, http:\/\/br614.teste.website\/~age67481\/savanavet\/wp-content\/uploads\/2024\/11\/45790-930x620.jpg 930w, http:\/\/br614.teste.website\/~age67481\/savanavet\/wp-content\/uploads\/2024\/11\/45790.jpg 1500w\" sizes=\"(max-width: 1024px) 100vw, 1024px\" \/>\t\t\t\t\t\t\t\t\t\t\t\t\t\t\t<\/div>\n\t\t\t\t<\/div>\n\t\t\t\t\t<\/div>\n\t\t<\/div>\n\t\t\t\t<div class=\"elementor-column elementor-col-50 elementor-top-column elementor-element elementor-element-f406956\" data-id=\"f406956\" data-element_type=\"column\">\n\t\t\t<div class=\"elementor-widget-wrap elementor-element-populated\">\n\t\t\t\t\t\t<div class=\"elementor-element elementor-element-30ec570 elementor-widget elementor-widget-heading\" data-id=\"30ec570\" data-element_type=\"widget\" data-widget_type=\"heading.default\">\n\t\t\t\t<div class=\"elementor-widget-container\">\n\t\t\t\t\t<h2 class=\"elementor-heading-title elementor-size-default\">Diagn\u00f3stico e tratamento especializados<\/h2>\t\t\t\t<\/div>\n\t\t\t\t<\/div>\n\t\t\t\t<div class=\"elementor-element elementor-element-462c7b0 elementor-widget elementor-widget-text-editor\" data-id=\"462c7b0\" data-element_type=\"widget\" data-widget_type=\"text-editor.default\">\n\t\t\t\t<div class=\"elementor-widget-container\">\n\t\t\t\t\t\t\t\t\t<p>Muitos pets n\u00e3o convencionais s\u00e3o presas em potencial ou escondem sinais de doen\u00e7a, o que pode tornar o diagn\u00f3stico mais desafiador. Veterin\u00e1rios especializados t\u00eam experi\u00eancia em diagnosticar e tratar esses animais de forma eficaz.<\/p>\t\t\t\t\t\t\t\t<\/div>\n\t\t\t\t<\/div>\n\t\t\t\t\t<\/div>\n\t\t<\/div>\n\t\t\t\t\t<\/div>\n\t\t<\/section>\n\t\t\t\t<section class=\"elementor-section elementor-top-section elementor-element elementor-element-4631d18 elementor-reverse-mobile elementor-section-boxed elementor-section-height-default elementor-section-height-default\" data-id=\"4631d18\" data-element_type=\"section\">\n\t\t\t\t\t\t<div class=\"elementor-container elementor-column-gap-default\">\n\t\t\t\t\t<div class=\"elementor-column elementor-col-50 elementor-top-column elementor-element elementor-element-9b89abd\" data-id=\"9b89abd\" data-element_type=\"column\">\n\t\t\t<div class=\"elementor-widget-wrap elementor-element-populated\">\n\t\t\t\t\t\t<div class=\"elementor-element elementor-element-ca79a62 elementor-widget elementor-widget-heading\" data-id=\"ca79a62\" data-element_type=\"widget\" data-widget_type=\"heading.default\">\n\t\t\t\t<div class=\"elementor-widget-container\">\n\t\t\t\t\t<h2 class=\"elementor-heading-title elementor-size-default\">Manejo e cuidados espec\u00edficos<\/h2>\t\t\t\t<\/div>\n\t\t\t\t<\/div>\n\t\t\t\t<div class=\"elementor-element elementor-element-d4ffa10 elementor-widget elementor-widget-text-editor\" data-id=\"d4ffa10\" data-element_type=\"widget\" data-widget_type=\"text-editor.default\">\n\t\t\t\t<div class=\"elementor-widget-container\">\n\t\t\t\t\t\t\t\t\t<p>A alimenta\u00e7\u00e3o, o ambiente e os cuidados de manejo variam significativamente entre esp\u00e9cies n\u00e3o convencionais. Veterin\u00e1rios especializados podem fornecer orienta\u00e7\u00f5es precisas sobre nutri\u00e7\u00e3o, habitat e manejo adequado para garantir o bem-estar dos animais.<\/p>\t\t\t\t\t\t\t\t<\/div>\n\t\t\t\t<\/div>\n\t\t\t\t\t<\/div>\n\t\t<\/div>\n\t\t\t\t<div class=\"elementor-column elementor-col-50 elementor-top-column elementor-element elementor-element-0bee9e2\" data-id=\"0bee9e2\" data-element_type=\"column\">\n\t\t\t<div class=\"elementor-widget-wrap elementor-element-populated\">\n\t\t\t\t\t\t<div class=\"elementor-element elementor-element-ac98a49 elementor-widget elementor-widget-image\" data-id=\"ac98a49\" data-element_type=\"widget\" data-widget_type=\"image.default\">\n\t\t\t\t<div class=\"elementor-widget-container\">\n\t\t\t\t\t\t\t\t\t\t\t\t\t\t\t<img loading=\"lazy\" decoding=\"async\" width=\"1024\" height=\"395\" src=\"http:\/\/br614.teste.website\/~age67481\/savanavet\/wp-content\/uploads\/2024\/11\/24304-1024x395.jpg\" class=\"attachment-large size-large wp-image-197\" alt=\"\" srcset=\"http:\/\/br614.teste.website\/~age67481\/savanavet\/wp-content\/uploads\/2024\/11\/24304-1024x395.jpg 1024w, http:\/\/br614.teste.website\/~age67481\/savanavet\/wp-content\/uploads\/2024\/11\/24304-300x116.jpg 300w, http:\/\/br614.teste.website\/~age67481\/savanavet\/wp-content\/uploads\/2024\/11\/24304-768x296.jpg 768w, http:\/\/br614.teste.website\/~age67481\/savanavet\/wp-content\/uploads\/2024\/11\/24304-200x77.jpg 200w, http:\/\/br614.teste.website\/~age67481\/savanavet\/wp-content\/uploads\/2024\/11\/24304.jpg 1500w\" sizes=\"(max-width: 1024px) 100vw, 1024px\" \/>\t\t\t\t\t\t\t\t\t\t\t\t\t\t\t<\/div>\n\t\t\t\t<\/div>\n\t\t\t\t\t<\/div>\n\t\t<\/div>\n\t\t\t\t\t<\/div>\n\t\t<\/section>\n\t\t\t\t<section class=\"elementor-section elementor-top-section elementor-element elementor-element-1576054 elementor-section-boxed elementor-section-height-default elementor-section-height-default\" data-id=\"1576054\" data-element_type=\"section\">\n\t\t\t\t\t\t<div class=\"elementor-container elementor-column-gap-default\">\n\t\t\t\t\t<div class=\"elementor-column elementor-col-50 elementor-top-column elementor-element elementor-element-fa9fac8\" data-id=\"fa9fac8\" data-element_type=\"column\">\n\t\t\t<div class=\"elementor-widget-wrap elementor-element-populated\">\n\t\t\t\t\t\t<div class=\"elementor-element elementor-element-78ea9f1 elementor-widget__width-initial elementor-widget elementor-widget-image\" data-id=\"78ea9f1\" data-element_type=\"widget\" data-widget_type=\"image.default\">\n\t\t\t\t<div class=\"elementor-widget-container\">\n\t\t\t\t\t\t\t\t\t\t\t\t\t\t\t<img loading=\"lazy\" decoding=\"async\" width=\"1000\" height=\"721\" src=\"http:\/\/br614.teste.website\/~age67481\/savanavet\/wp-content\/uploads\/2024\/11\/41508.jpg\" class=\"attachment-large size-large wp-image-200\" alt=\"\" srcset=\"http:\/\/br614.teste.website\/~age67481\/savanavet\/wp-content\/uploads\/2024\/11\/41508.jpg 1000w, http:\/\/br614.teste.website\/~age67481\/savanavet\/wp-content\/uploads\/2024\/11\/41508-300x216.jpg 300w, http:\/\/br614.teste.website\/~age67481\/savanavet\/wp-content\/uploads\/2024\/11\/41508-768x554.jpg 768w, http:\/\/br614.teste.website\/~age67481\/savanavet\/wp-content\/uploads\/2024\/11\/41508-200x144.jpg 200w\" sizes=\"(max-width: 1000px) 100vw, 1000px\" \/>\t\t\t\t\t\t\t\t\t\t\t\t\t\t\t<\/div>\n\t\t\t\t<\/div>\n\t\t\t\t\t<\/div>\n\t\t<\/div>\n\t\t\t\t<div class=\"elementor-column elementor-col-50 elementor-top-column elementor-element elementor-element-009879d\" data-id=\"009879d\" data-element_type=\"column\">\n\t\t\t<div class=\"elementor-widget-wrap elementor-element-populated\">\n\t\t\t\t\t\t<div class=\"elementor-element elementor-element-fef9bc0 elementor-widget elementor-widget-heading\" data-id=\"fef9bc0\" data-element_type=\"widget\" data-widget_type=\"heading.default\">\n\t\t\t\t<div class=\"elementor-widget-container\">\n\t\t\t\t\t<h2 class=\"elementor-heading-title elementor-size-default\">Preven\u00e7\u00e3o de doen\u00e7as zoon\u00f3ticas<\/h2>\t\t\t\t<\/div>\n\t\t\t\t<\/div>\n\t\t\t\t<div class=\"elementor-element elementor-element-9aaf88c elementor-widget elementor-widget-text-editor\" data-id=\"9aaf88c\" data-element_type=\"widget\" data-widget_type=\"text-editor.default\">\n\t\t\t\t<div class=\"elementor-widget-container\">\n\t\t\t\t\t\t\t\t\t<p><span style=\"font-weight: 400;\">Algumas esp\u00e9cies n\u00e3o convencionais podem transmitir doen\u00e7as zoon\u00f3ticas aos humanos. Veterin\u00e1rios especializados podem educar os propriet\u00e1rios sobre essas doen\u00e7as e como prevenir a transmiss\u00e3o.<\/span><\/p>\t\t\t\t\t\t\t\t<\/div>\n\t\t\t\t<\/div>\n\t\t\t\t\t<\/div>\n\t\t<\/div>\n\t\t\t\t\t<\/div>\n\t\t<\/section>\n\t\t\t\t<section class=\"elementor-section elementor-top-section elementor-element elementor-element-114ceb3 elementor-section-full_width elementor-section-height-default elementor-section-height-default\" data-id=\"114ceb3\" data-element_type=\"section\" data-settings=\"{&quot;background_background&quot;:&quot;classic&quot;}\">\n\t\t\t\t\t\t<div class=\"elementor-container elementor-column-gap-default\">\n\t\t\t\t\t<div class=\"elementor-column elementor-col-100 elementor-top-column elementor-element elementor-element-1d7ac79\" data-id=\"1d7ac79\" data-element_type=\"column\">\n\t\t\t<div class=\"elementor-widget-wrap elementor-element-populated\">\n\t\t\t\t\t\t<div class=\"elementor-element elementor-element-295d5c3 elementor-widget elementor-widget-heading\" data-id=\"295d5c3\" data-element_type=\"widget\" data-widget_type=\"heading.default\">\n\t\t\t\t<div class=\"elementor-widget-container\">\n\t\t\t\t\t<h2 class=\"elementor-heading-title elementor-size-default\">Os pets n\u00e3o convencionais t\u00eam necessidades \u00fanicas<\/h2>\t\t\t\t<\/div>\n\t\t\t\t<\/div>\n\t\t\t\t<div class=\"elementor-element elementor-element-c66c31e elementor-widget__width-initial elementor-widget-mobile__width-initial elementor-widget elementor-widget-text-editor\" data-id=\"c66c31e\" data-element_type=\"widget\" data-widget_type=\"text-editor.default\">\n\t\t\t\t<div class=\"elementor-widget-container\">\n\t\t\t\t\t\t\t\t\t<p><span style=\"font-weight: 400;\">Por isso, exigem cuidados veterin\u00e1rios especializados para garantir sua sa\u00fade e bem-estar. Um veterin\u00e1rio com experi\u00eancia em animais n\u00e3o convencionais pode fornecer os cuidados adequados e ajudar os propriet\u00e1rios a manterem seus pets saud\u00e1veis e felizes.<\/span><\/p>\t\t\t\t\t\t\t\t<\/div>\n\t\t\t\t<\/div>\n\t\t\t\t<div class=\"elementor-element elementor-element-b8365f8 elementor-align-center elementor-widget-mobile__width-initial elementor-widget elementor-widget-button\" data-id=\"b8365f8\" data-element_type=\"widget\" data-widget_type=\"button.default\">\n\t\t\t\t<div class=\"elementor-widget-container\">\n\t\t\t\t\t\t\t\t\t<div class=\"elementor-button-wrapper\">\n\t\t\t\t\t<a class=\"elementor-button elementor-button-link elementor-size-sm\" href=\"https:\/\/api.whatsapp.com\/send?1=pt_BR&#038;phone=5551996858709\">\n\t\t\t\t\t\t<span class=\"elementor-button-content-wrapper\">\n\t\t\t\t\t\t<span class=\"elementor-button-icon\">\n\t\t\t\t<svg aria-hidden=\"true\" class=\"e-font-icon-svg e-fab-whatsapp\" viewBox=\"0 0 448 512\" xmlns=\"http:\/\/www.w3.org\/2000\/svg\"><path d=\"M380.9 97.1C339 55.1 283.2 32 223.9 32c-122.4 0-222 99.6-222 222 0 39.1 10.2 77.3 29.6 111L0 480l117.7-30.9c32.4 17.7 68.9 27 106.1 27h.1c122.3 0 224.1-99.6 224.1-222 0-59.3-25.2-115-67.1-157zm-157 341.6c-33.2 0-65.7-8.9-94-25.7l-6.7-4-69.8 18.3L72 359.2l-4.4-7c-18.5-29.4-28.2-63.3-28.2-98.2 0-101.7 82.8-184.5 184.6-184.5 49.3 0 95.6 19.2 130.4 54.1 34.8 34.9 56.2 81.2 56.1 130.5 0 101.8-84.9 184.6-186.6 184.6zm101.2-138.2c-5.5-2.8-32.8-16.2-37.9-18-5.1-1.9-8.8-2.8-12.5 2.8-3.7 5.6-14.3 18-17.6 21.8-3.2 3.7-6.5 4.2-12 1.4-32.6-16.3-54-29.1-75.5-66-5.7-9.8 5.7-9.1 16.3-30.3 1.8-3.7.9-6.9-.5-9.7-1.4-2.8-12.5-30.1-17.1-41.2-4.5-10.8-9.1-9.3-12.5-9.5-3.2-.2-6.9-.2-10.6-.2-3.7 0-9.7 1.4-14.8 6.9-5.1 5.6-19.4 19-19.4 46.3 0 27.3 19.9 53.7 22.6 57.4 2.8 3.7 39.1 59.7 94.8 83.8 35.2 15.2 49 16.5 66.6 13.9 10.7-1.6 32.8-13.4 37.4-26.4 4.6-13 4.6-24.1 3.2-26.4-1.3-2.5-5-3.9-10.5-6.6z\"><\/path><\/svg>\t\t\t<\/span>\n\t\t\t\t\t\t\t\t\t<span class=\"elementor-button-text\">AGENDE UMA CONSULTA POR WHATSAPP<\/span>\n\t\t\t\t\t<\/span>\n\t\t\t\t\t<\/a>\n\t\t\t\t<\/div>\n\t\t\t\t\t\t\t\t<\/div>\n\t\t\t\t<\/div>\n\t\t\t\t\t<\/div>\n\t\t<\/div>\n\t\t\t\t\t<\/div>\n\t\t<\/section>\n\t\t\t\t<\/div>\n\t\t","protected":false},"excerpt":{"rendered":"<p>Medicina de pets n\u00e3o convencionais Os pets n\u00e3o convencionais, como r\u00e9pteis, aves, roedores e pequenos mam\u00edferos, precisam de atendimento veterin\u00e1rio especializado. Necessidades de sa\u00fade espec\u00edficas Cada esp\u00e9cie de animal tem suas pr\u00f3prias necessidades de sa\u00fade e exig\u00eancias nutricionais. Veterin\u00e1rios especializados nesses animais t\u00eam conhecimento sobre as doen\u00e7as comuns, os cuidados preventivos e os tratamentos espec\u00edficos&hellip;&nbsp;<a href=\"http:\/\/br614.teste.website\/~age67481\/savanavet\/medicina-de-pets-nao-convencionais\/\" class=\"\" rel=\"bookmark\">Continue a ler &raquo;<span class=\"screen-reader-text\">MEDICINA DE PETS N\u00c3O CONVENCIONAIS<\/span><\/a><\/p>\n","protected":false},"author":1,"featured_media":0,"parent":0,"menu_order":0,"comment_status":"closed","ping_status":"closed","template":"page-templates\/template-pagebuilder-full-width.php","meta":{"neve_meta_sidebar":"","neve_meta_container":"","neve_meta_enable_content_width":"","neve_meta_content_width":0,"neve_meta_title_alignment":"","neve_meta_author_avatar":"","neve_post_elements_order":"","neve_meta_disable_header":"","neve_meta_disable_footer":"","neve_meta_disable_title":"","_joinchat":[],"footnotes":""},"class_list":["post-179","page","type-page","status-publish","hentry"],"_links":{"self":[{"href":"http:\/\/br614.teste.website\/~age67481\/savanavet\/wp-json\/wp\/v2\/pages\/179","targetHints":{"allow":["GET"]}}],"collection":[{"href":"http:\/\/br614.teste.website\/~age67481\/savanavet\/wp-json\/wp\/v2\/pages"}],"about":[{"href":"http:\/\/br614.teste.website\/~age67481\/savanavet\/wp-json\/wp\/v2\/types\/page"}],"author":[{"embeddable":true,"href":"http:\/\/br614.teste.website\/~age67481\/savanavet\/wp-json\/wp\/v2\/users\/1"}],"replies":[{"embeddable":true,"href":"http:\/\/br614.teste.website\/~age67481\/savanavet\/wp-json\/wp\/v2\/comments?post=179"}],"version-history":[{"count":14,"href":"http:\/\/br614.teste.website\/~age67481\/savanavet\/wp-json\/wp\/v2\/pages\/179\/revisions"}],"predecessor-version":[{"id":209,"href":"http:\/\/br614.teste.website\/~age67481\/savanavet\/wp-json\/wp\/v2\/pages\/179\/revisions\/209"}],"wp:attachment":[{"href":"http:\/\/br614.teste.website\/~age67481\/savanavet\/wp-json\/wp\/v2\/media?parent=179"}],"curies":[{"name":"wp","href":"https:\/\/api.w.org\/{rel}","templated":true}]}}