{"id":211,"date":"2024-11-20T18:15:36","date_gmt":"2024-11-20T21:15:36","guid":{"rendered":"http:\/\/br614.teste.website\/~age67481\/savanavet\/?page_id=211"},"modified":"2024-11-20T18:32:06","modified_gmt":"2024-11-20T21:32:06","slug":"odontologia-de-caes-e-gatos","status":"publish","type":"page","link":"http:\/\/br614.teste.website\/~age67481\/savanavet\/odontologia-de-caes-e-gatos\/","title":{"rendered":"ODONTOLOGIA DE C\u00c3ES E GATOS"},"content":{"rendered":"\t\t<div data-elementor-type=\"wp-page\" data-elementor-id=\"211\" class=\"elementor elementor-211\">\n\t\t\t\t\t\t<section class=\"elementor-section elementor-top-section elementor-element elementor-element-073b98e elementor-section-full_width elementor-section-height-default elementor-section-height-default\" data-id=\"073b98e\" data-element_type=\"section\" data-settings=\"{&quot;background_background&quot;:&quot;classic&quot;}\">\n\t\t\t\t\t\t\t<div class=\"elementor-background-overlay\"><\/div>\n\t\t\t\t\t\t\t<div class=\"elementor-container elementor-column-gap-default\">\n\t\t\t\t\t<div class=\"elementor-column elementor-col-100 elementor-top-column elementor-element elementor-element-dab8504\" data-id=\"dab8504\" data-element_type=\"column\">\n\t\t\t<div class=\"elementor-widget-wrap elementor-element-populated\">\n\t\t\t\t\t\t<section class=\"elementor-section elementor-inner-section elementor-element elementor-element-fbc2697 elementor-section-boxed elementor-section-height-default elementor-section-height-default\" data-id=\"fbc2697\" data-element_type=\"section\">\n\t\t\t\t\t\t<div class=\"elementor-container elementor-column-gap-default\">\n\t\t\t\t\t<div class=\"elementor-column elementor-col-50 elementor-inner-column elementor-element elementor-element-dbca88a\" data-id=\"dbca88a\" data-element_type=\"column\">\n\t\t\t<div class=\"elementor-widget-wrap elementor-element-populated\">\n\t\t\t\t\t\t<div class=\"elementor-element elementor-element-2978520 elementor-widget__width-initial elementor-widget elementor-widget-heading\" data-id=\"2978520\" data-element_type=\"widget\" data-widget_type=\"heading.default\">\n\t\t\t\t<div class=\"elementor-widget-container\">\n\t\t\t\t\t<h2 class=\"elementor-heading-title elementor-size-default\">Odontologia de c\u00e3es e gatos<\/h2>\t\t\t\t<\/div>\n\t\t\t\t<\/div>\n\t\t\t\t<div class=\"elementor-element elementor-element-0c20de9 elementor-widget__width-initial elementor-widget-mobile__width-initial elementor-widget elementor-widget-text-editor\" data-id=\"0c20de9\" data-element_type=\"widget\" data-widget_type=\"text-editor.default\">\n\t\t\t\t<div class=\"elementor-widget-container\">\n\t\t\t\t\t\t\t\t\t<p><span style=\"font-weight: 400;\">A odontologia veterin\u00e1ria \u00e9 a especialidade que se concentra na sa\u00fade oral dos animais. Assim como os humanos, os c\u00e3es e gatos tamb\u00e9m podem sofrer de problemas dent\u00e1rios, como doen\u00e7a periodontal, fraturas dent\u00e1rias, c\u00e1ries e infec\u00e7\u00f5es. Os odontologistas veterin\u00e1rios s\u00e3o os profissionais capacitados respons\u00e1veis por diagnosticar, tratar e prevenir esses problemas.<\/span><\/p>\t\t\t\t\t\t\t\t<\/div>\n\t\t\t\t<\/div>\n\t\t\t\t\t<\/div>\n\t\t<\/div>\n\t\t\t\t<div class=\"elementor-column elementor-col-50 elementor-inner-column elementor-element elementor-element-54b554e\" data-id=\"54b554e\" data-element_type=\"column\">\n\t\t\t<div class=\"elementor-widget-wrap\">\n\t\t\t\t\t\t\t<\/div>\n\t\t<\/div>\n\t\t\t\t\t<\/div>\n\t\t<\/section>\n\t\t\t\t\t<\/div>\n\t\t<\/div>\n\t\t\t\t\t<\/div>\n\t\t<\/section>\n\t\t\t\t<section class=\"elementor-section elementor-top-section elementor-element elementor-element-7006f64 elementor-section-boxed elementor-section-height-default elementor-section-height-default\" data-id=\"7006f64\" data-element_type=\"section\">\n\t\t\t\t\t\t<div class=\"elementor-container elementor-column-gap-default\">\n\t\t\t\t\t<div class=\"elementor-column elementor-col-50 elementor-top-column elementor-element elementor-element-92c19c3\" data-id=\"92c19c3\" data-element_type=\"column\">\n\t\t\t<div class=\"elementor-widget-wrap elementor-element-populated\">\n\t\t\t\t\t\t<div class=\"elementor-element elementor-element-b8cef2f elementor-widget elementor-widget-image\" data-id=\"b8cef2f\" data-element_type=\"widget\" data-widget_type=\"image.default\">\n\t\t\t\t<div class=\"elementor-widget-container\">\n\t\t\t\t\t\t\t\t\t\t\t\t\t\t\t<img fetchpriority=\"high\" decoding=\"async\" width=\"1024\" height=\"683\" src=\"http:\/\/br614.teste.website\/~age67481\/savanavet\/wp-content\/uploads\/2024\/11\/45025-1024x683.jpg\" class=\"attachment-large size-large wp-image-218\" alt=\"\" srcset=\"http:\/\/br614.teste.website\/~age67481\/savanavet\/wp-content\/uploads\/2024\/11\/45025-1024x683.jpg 1024w, http:\/\/br614.teste.website\/~age67481\/savanavet\/wp-content\/uploads\/2024\/11\/45025-300x200.jpg 300w, http:\/\/br614.teste.website\/~age67481\/savanavet\/wp-content\/uploads\/2024\/11\/45025-768x512.jpg 768w, http:\/\/br614.teste.website\/~age67481\/savanavet\/wp-content\/uploads\/2024\/11\/45025-200x133.jpg 200w, http:\/\/br614.teste.website\/~age67481\/savanavet\/wp-content\/uploads\/2024\/11\/45025-930x620.jpg 930w, http:\/\/br614.teste.website\/~age67481\/savanavet\/wp-content\/uploads\/2024\/11\/45025.jpg 1500w\" sizes=\"(max-width: 1024px) 100vw, 1024px\" \/>\t\t\t\t\t\t\t\t\t\t\t\t\t\t\t<\/div>\n\t\t\t\t<\/div>\n\t\t\t\t\t<\/div>\n\t\t<\/div>\n\t\t\t\t<div class=\"elementor-column elementor-col-50 elementor-top-column elementor-element elementor-element-df89e92\" data-id=\"df89e92\" data-element_type=\"column\">\n\t\t\t<div class=\"elementor-widget-wrap elementor-element-populated\">\n\t\t\t\t\t\t<div class=\"elementor-element elementor-element-c5293d8 elementor-widget elementor-widget-heading\" data-id=\"c5293d8\" data-element_type=\"widget\" data-widget_type=\"heading.default\">\n\t\t\t\t<div class=\"elementor-widget-container\">\n\t\t\t\t\t<h2 class=\"elementor-heading-title elementor-size-default\">Por que escolher profissionais especializados?<\/h2>\t\t\t\t<\/div>\n\t\t\t\t<\/div>\n\t\t\t\t<div class=\"elementor-element elementor-element-986e2a1 elementor-widget elementor-widget-text-editor\" data-id=\"986e2a1\" data-element_type=\"widget\" data-widget_type=\"text-editor.default\">\n\t\t\t\t<div class=\"elementor-widget-container\">\n\t\t\t\t\t\t\t\t\t<p><span style=\"font-weight: 400;\">A odontologia veterin\u00e1ria \u00e9 uma especialidade relativamente recente e, por isso, ainda pouco conhecida. Por esse motivo, muitos tutores seguem confiando os cuidados orais de seus pets a m\u00e9dicos veterin\u00e1rios cl\u00ednicos ou cirurgi\u00f5es gerais. Contudo, os odontologistas veterin\u00e1rios s\u00e3o os \u00fanicos profissionais especializados e capacitados a realizar exames dent\u00e1rios completos e tratamentos odontol\u00f3gicos adequados, seguindo as t\u00e9cnicas corretas.<br \/><br \/>Os curr\u00edculos das faculdades de medicina veterin\u00e1ria n\u00e3o cont\u00eam a odontologia em suas grades, ou seja, formam m\u00e9dicos veterin\u00e1rios que n\u00e3o possuem o conhecimento necess\u00e1rio para atender, diagnosticar e tratar as afec\u00e7\u00f5es orais de c\u00e3es e gatos.<br \/><\/span><\/p>\t\t\t\t\t\t\t\t<\/div>\n\t\t\t\t<\/div>\n\t\t\t\t\t<\/div>\n\t\t<\/div>\n\t\t\t\t\t<\/div>\n\t\t<\/section>\n\t\t\t\t<section class=\"elementor-section elementor-top-section elementor-element elementor-element-e6c0be6 elementor-reverse-mobile elementor-section-boxed elementor-section-height-default elementor-section-height-default\" data-id=\"e6c0be6\" data-element_type=\"section\">\n\t\t\t\t\t\t<div class=\"elementor-container elementor-column-gap-default\">\n\t\t\t\t\t<div class=\"elementor-column elementor-col-50 elementor-top-column elementor-element elementor-element-ed01d34\" data-id=\"ed01d34\" data-element_type=\"column\">\n\t\t\t<div class=\"elementor-widget-wrap elementor-element-populated\">\n\t\t\t\t\t\t<div class=\"elementor-element elementor-element-8e44779 elementor-widget elementor-widget-heading\" data-id=\"8e44779\" data-element_type=\"widget\" data-widget_type=\"heading.default\">\n\t\t\t\t<div class=\"elementor-widget-container\">\n\t\t\t\t\t<h2 class=\"elementor-heading-title elementor-size-default\">Conhecimento e equipamentos adequados para um diagn\u00f3stico assertivo<\/h2>\t\t\t\t<\/div>\n\t\t\t\t<\/div>\n\t\t\t\t<div class=\"elementor-element elementor-element-809562c elementor-widget elementor-widget-text-editor\" data-id=\"809562c\" data-element_type=\"widget\" data-widget_type=\"text-editor.default\">\n\t\t\t\t<div class=\"elementor-widget-container\">\n\t\t\t\t\t\t\t\t\t<p><span style=\"font-weight: 400;\">O odontologista veterin\u00e1rio \u00e9 o profissional que realiza uma p\u00f3s-gradua\u00e7\u00e3o de dois anos para se capacitar a atender os problemas odontol\u00f3gicos do seu c\u00e3o ou gato. Al\u00e9m disso, possui os equipamentos indispens\u00e1veis para realizar um diagn\u00f3stico completo, assim como conhece as t\u00e9cnicas e possui os instrumentais adequados para realizar os tratamentos necess\u00e1rios.<\/span><\/p>\t\t\t\t\t\t\t\t<\/div>\n\t\t\t\t<\/div>\n\t\t\t\t\t<\/div>\n\t\t<\/div>\n\t\t\t\t<div class=\"elementor-column elementor-col-50 elementor-top-column elementor-element elementor-element-aa9e320\" data-id=\"aa9e320\" data-element_type=\"column\">\n\t\t\t<div class=\"elementor-widget-wrap elementor-element-populated\">\n\t\t\t\t\t\t<div class=\"elementor-element elementor-element-f536921 elementor-widget elementor-widget-image\" data-id=\"f536921\" data-element_type=\"widget\" data-widget_type=\"image.default\">\n\t\t\t\t<div class=\"elementor-widget-container\">\n\t\t\t\t\t\t\t\t\t\t\t\t\t\t\t<img decoding=\"async\" width=\"1024\" height=\"750\" src=\"http:\/\/br614.teste.website\/~age67481\/savanavet\/wp-content\/uploads\/2024\/11\/26215-1024x750.jpg\" class=\"attachment-large size-large wp-image-219\" alt=\"\" srcset=\"http:\/\/br614.teste.website\/~age67481\/savanavet\/wp-content\/uploads\/2024\/11\/26215-1024x750.jpg 1024w, http:\/\/br614.teste.website\/~age67481\/savanavet\/wp-content\/uploads\/2024\/11\/26215-300x220.jpg 300w, http:\/\/br614.teste.website\/~age67481\/savanavet\/wp-content\/uploads\/2024\/11\/26215-768x563.jpg 768w, http:\/\/br614.teste.website\/~age67481\/savanavet\/wp-content\/uploads\/2024\/11\/26215-200x147.jpg 200w, http:\/\/br614.teste.website\/~age67481\/savanavet\/wp-content\/uploads\/2024\/11\/26215.jpg 1500w\" sizes=\"(max-width: 1024px) 100vw, 1024px\" \/>\t\t\t\t\t\t\t\t\t\t\t\t\t\t\t<\/div>\n\t\t\t\t<\/div>\n\t\t\t\t\t<\/div>\n\t\t<\/div>\n\t\t\t\t\t<\/div>\n\t\t<\/section>\n\t\t\t\t<section class=\"elementor-section elementor-top-section elementor-element elementor-element-427ef77 elementor-section-boxed elementor-section-height-default elementor-section-height-default\" data-id=\"427ef77\" data-element_type=\"section\">\n\t\t\t\t\t\t<div class=\"elementor-container elementor-column-gap-default\">\n\t\t\t\t\t<div class=\"elementor-column elementor-col-50 elementor-top-column elementor-element elementor-element-d9a3735\" data-id=\"d9a3735\" data-element_type=\"column\">\n\t\t\t<div class=\"elementor-widget-wrap elementor-element-populated\">\n\t\t\t\t\t\t<div class=\"elementor-element elementor-element-0a4ddc3 elementor-widget__width-initial elementor-widget elementor-widget-image\" data-id=\"0a4ddc3\" data-element_type=\"widget\" data-widget_type=\"image.default\">\n\t\t\t\t<div class=\"elementor-widget-container\">\n\t\t\t\t\t\t\t\t\t\t\t\t\t\t\t<img decoding=\"async\" width=\"1024\" height=\"683\" src=\"http:\/\/br614.teste.website\/~age67481\/savanavet\/wp-content\/uploads\/2024\/11\/44543-1024x683.jpg\" class=\"attachment-large size-large wp-image-220\" alt=\"\" srcset=\"http:\/\/br614.teste.website\/~age67481\/savanavet\/wp-content\/uploads\/2024\/11\/44543-1024x683.jpg 1024w, http:\/\/br614.teste.website\/~age67481\/savanavet\/wp-content\/uploads\/2024\/11\/44543-300x200.jpg 300w, http:\/\/br614.teste.website\/~age67481\/savanavet\/wp-content\/uploads\/2024\/11\/44543-768x513.jpg 768w, http:\/\/br614.teste.website\/~age67481\/savanavet\/wp-content\/uploads\/2024\/11\/44543-200x133.jpg 200w, http:\/\/br614.teste.website\/~age67481\/savanavet\/wp-content\/uploads\/2024\/11\/44543-930x620.jpg 930w, http:\/\/br614.teste.website\/~age67481\/savanavet\/wp-content\/uploads\/2024\/11\/44543.jpg 1500w\" sizes=\"(max-width: 1024px) 100vw, 1024px\" \/>\t\t\t\t\t\t\t\t\t\t\t\t\t\t\t<\/div>\n\t\t\t\t<\/div>\n\t\t\t\t\t<\/div>\n\t\t<\/div>\n\t\t\t\t<div class=\"elementor-column elementor-col-50 elementor-top-column elementor-element elementor-element-f406956\" data-id=\"f406956\" data-element_type=\"column\">\n\t\t\t<div class=\"elementor-widget-wrap elementor-element-populated\">\n\t\t\t\t\t\t<div class=\"elementor-element elementor-element-30ec570 elementor-widget elementor-widget-heading\" data-id=\"30ec570\" data-element_type=\"widget\" data-widget_type=\"heading.default\">\n\t\t\t\t<div class=\"elementor-widget-container\">\n\t\t\t\t\t<h2 class=\"elementor-heading-title elementor-size-default\">A odontologia veterin\u00e1ria \u00e9 muito mais do que \u201climpar dentes\u201d (tartarectomia) ou \u201carrancar dentes<\/h2>\t\t\t\t<\/div>\n\t\t\t\t<\/div>\n\t\t\t\t<div class=\"elementor-element elementor-element-462c7b0 elementor-widget elementor-widget-text-editor\" data-id=\"462c7b0\" data-element_type=\"widget\" data-widget_type=\"text-editor.default\">\n\t\t\t\t<div class=\"elementor-widget-container\">\n\t\t\t\t\t\t\t\t\t<p><span style=\"font-weight: 400;\">\u00a0Os profissionais da odontologia s\u00e3o capacitados a realizar tratamentos nas diversas \u00e1reas da odontologia, de maneira bastante semelhante \u00e0 odontologia humana, como periodontia, endodontia, dent\u00edstica, ortodontia e cirurgias para corre\u00e7\u00e3o de fraturas, tratamento de tumores da cavidade oral, corre\u00e7\u00f5es de palato e muito mais.<\/span><\/p>\t\t\t\t\t\t\t\t<\/div>\n\t\t\t\t<\/div>\n\t\t\t\t\t<\/div>\n\t\t<\/div>\n\t\t\t\t\t<\/div>\n\t\t<\/section>\n\t\t\t\t<section class=\"elementor-section elementor-top-section elementor-element elementor-element-114ceb3 elementor-section-full_width elementor-section-height-default elementor-section-height-default\" data-id=\"114ceb3\" data-element_type=\"section\" data-settings=\"{&quot;background_background&quot;:&quot;classic&quot;}\">\n\t\t\t\t\t\t<div class=\"elementor-container elementor-column-gap-default\">\n\t\t\t\t\t<div class=\"elementor-column elementor-col-100 elementor-top-column elementor-element elementor-element-1d7ac79\" data-id=\"1d7ac79\" data-element_type=\"column\">\n\t\t\t<div class=\"elementor-widget-wrap elementor-element-populated\">\n\t\t\t\t\t\t<div class=\"elementor-element elementor-element-295d5c3 elementor-widget elementor-widget-heading\" data-id=\"295d5c3\" data-element_type=\"widget\" data-widget_type=\"heading.default\">\n\t\t\t\t<div class=\"elementor-widget-container\">\n\t\t\t\t\t<h2 class=\"elementor-heading-title elementor-size-default\">A sa\u00fade come\u00e7a pela boca, neles tamb\u00e9m!<\/h2>\t\t\t\t<\/div>\n\t\t\t\t<\/div>\n\t\t\t\t<div class=\"elementor-element elementor-element-c66c31e elementor-widget__width-initial elementor-widget-mobile__width-initial elementor-widget elementor-widget-text-editor\" data-id=\"c66c31e\" data-element_type=\"widget\" data-widget_type=\"text-editor.default\">\n\t\t\t\t<div class=\"elementor-widget-container\">\n\t\t\t\t\t\t\t\t\t<p><span style=\"font-weight: 400;\">Nossa miss\u00e3o \u00e9 promover a sa\u00fade bucal e o bem-estar dos animais atrav\u00e9s da preven\u00e7\u00e3o, diagn\u00f3stico e tratamento de doen\u00e7as e condi\u00e7\u00f5es da cavidade oral.<\/span><\/p>\t\t\t\t\t\t\t\t<\/div>\n\t\t\t\t<\/div>\n\t\t\t\t<div class=\"elementor-element elementor-element-b8365f8 elementor-align-center elementor-widget-mobile__width-initial elementor-widget elementor-widget-button\" data-id=\"b8365f8\" data-element_type=\"widget\" data-widget_type=\"button.default\">\n\t\t\t\t<div class=\"elementor-widget-container\">\n\t\t\t\t\t\t\t\t\t<div class=\"elementor-button-wrapper\">\n\t\t\t\t\t<a class=\"elementor-button elementor-button-link elementor-size-sm\" href=\"https:\/\/api.whatsapp.com\/send?1=pt_BR&#038;phone=5551996858709\">\n\t\t\t\t\t\t<span class=\"elementor-button-content-wrapper\">\n\t\t\t\t\t\t<span class=\"elementor-button-icon\">\n\t\t\t\t<svg aria-hidden=\"true\" class=\"e-font-icon-svg e-fab-whatsapp\" viewBox=\"0 0 448 512\" xmlns=\"http:\/\/www.w3.org\/2000\/svg\"><path d=\"M380.9 97.1C339 55.1 283.2 32 223.9 32c-122.4 0-222 99.6-222 222 0 39.1 10.2 77.3 29.6 111L0 480l117.7-30.9c32.4 17.7 68.9 27 106.1 27h.1c122.3 0 224.1-99.6 224.1-222 0-59.3-25.2-115-67.1-157zm-157 341.6c-33.2 0-65.7-8.9-94-25.7l-6.7-4-69.8 18.3L72 359.2l-4.4-7c-18.5-29.4-28.2-63.3-28.2-98.2 0-101.7 82.8-184.5 184.6-184.5 49.3 0 95.6 19.2 130.4 54.1 34.8 34.9 56.2 81.2 56.1 130.5 0 101.8-84.9 184.6-186.6 184.6zm101.2-138.2c-5.5-2.8-32.8-16.2-37.9-18-5.1-1.9-8.8-2.8-12.5 2.8-3.7 5.6-14.3 18-17.6 21.8-3.2 3.7-6.5 4.2-12 1.4-32.6-16.3-54-29.1-75.5-66-5.7-9.8 5.7-9.1 16.3-30.3 1.8-3.7.9-6.9-.5-9.7-1.4-2.8-12.5-30.1-17.1-41.2-4.5-10.8-9.1-9.3-12.5-9.5-3.2-.2-6.9-.2-10.6-.2-3.7 0-9.7 1.4-14.8 6.9-5.1 5.6-19.4 19-19.4 46.3 0 27.3 19.9 53.7 22.6 57.4 2.8 3.7 39.1 59.7 94.8 83.8 35.2 15.2 49 16.5 66.6 13.9 10.7-1.6 32.8-13.4 37.4-26.4 4.6-13 4.6-24.1 3.2-26.4-1.3-2.5-5-3.9-10.5-6.6z\"><\/path><\/svg>\t\t\t<\/span>\n\t\t\t\t\t\t\t\t\t<span class=\"elementor-button-text\">AGENDE UMA CONSULTA<\/span>\n\t\t\t\t\t<\/span>\n\t\t\t\t\t<\/a>\n\t\t\t\t<\/div>\n\t\t\t\t\t\t\t\t<\/div>\n\t\t\t\t<\/div>\n\t\t\t\t\t<\/div>\n\t\t<\/div>\n\t\t\t\t\t<\/div>\n\t\t<\/section>\n\t\t\t\t<\/div>\n\t\t","protected":false},"excerpt":{"rendered":"<p>Odontologia de c\u00e3es e gatos A odontologia veterin\u00e1ria \u00e9 a especialidade que se concentra na sa\u00fade oral dos animais. Assim como os humanos, os c\u00e3es e gatos tamb\u00e9m podem sofrer de problemas dent\u00e1rios, como doen\u00e7a periodontal, fraturas dent\u00e1rias, c\u00e1ries e infec\u00e7\u00f5es. Os odontologistas veterin\u00e1rios s\u00e3o os profissionais capacitados respons\u00e1veis por diagnosticar, tratar e prevenir esses&hellip;&nbsp;<a href=\"http:\/\/br614.teste.website\/~age67481\/savanavet\/odontologia-de-caes-e-gatos\/\" class=\"\" rel=\"bookmark\">Continue a ler &raquo;<span class=\"screen-reader-text\">ODONTOLOGIA DE C\u00c3ES E GATOS<\/span><\/a><\/p>\n","protected":false},"author":1,"featured_media":0,"parent":0,"menu_order":0,"comment_status":"closed","ping_status":"closed","template":"page-templates\/template-pagebuilder-full-width.php","meta":{"neve_meta_sidebar":"","neve_meta_container":"","neve_meta_enable_content_width":"","neve_meta_content_width":0,"neve_meta_title_alignment":"","neve_meta_author_avatar":"","neve_post_elements_order":"","neve_meta_disable_header":"","neve_meta_disable_footer":"","neve_meta_disable_title":"","_joinchat":[],"footnotes":""},"class_list":["post-211","page","type-page","status-publish","hentry"],"_links":{"self":[{"href":"http:\/\/br614.teste.website\/~age67481\/savanavet\/wp-json\/wp\/v2\/pages\/211","targetHints":{"allow":["GET"]}}],"collection":[{"href":"http:\/\/br614.teste.website\/~age67481\/savanavet\/wp-json\/wp\/v2\/pages"}],"about":[{"href":"http:\/\/br614.teste.website\/~age67481\/savanavet\/wp-json\/wp\/v2\/types\/page"}],"author":[{"embeddable":true,"href":"http:\/\/br614.teste.website\/~age67481\/savanavet\/wp-json\/wp\/v2\/users\/1"}],"replies":[{"embeddable":true,"href":"http:\/\/br614.teste.website\/~age67481\/savanavet\/wp-json\/wp\/v2\/comments?post=211"}],"version-history":[{"count":7,"href":"http:\/\/br614.teste.website\/~age67481\/savanavet\/wp-json\/wp\/v2\/pages\/211\/revisions"}],"predecessor-version":[{"id":223,"href":"http:\/\/br614.teste.website\/~age67481\/savanavet\/wp-json\/wp\/v2\/pages\/211\/revisions\/223"}],"wp:attachment":[{"href":"http:\/\/br614.teste.website\/~age67481\/savanavet\/wp-json\/wp\/v2\/media?parent=211"}],"curies":[{"name":"wp","href":"https:\/\/api.w.org\/{rel}","templated":true}]}}