{"id":224,"date":"2024-11-20T19:35:24","date_gmt":"2024-11-20T22:35:24","guid":{"rendered":"http:\/\/br614.teste.website\/~age67481\/savanavet\/?page_id=224"},"modified":"2025-01-28T11:26:18","modified_gmt":"2025-01-28T14:26:18","slug":"odontologia-de-pets-nao-convencionais","status":"publish","type":"page","link":"http:\/\/br614.teste.website\/~age67481\/savanavet\/odontologia-de-pets-nao-convencionais\/","title":{"rendered":"ODONTOLOGIA DE PETS NAO CONVENCIONAIS"},"content":{"rendered":"\t\t<div data-elementor-type=\"wp-page\" data-elementor-id=\"224\" class=\"elementor elementor-224\">\n\t\t\t\t\t\t<section class=\"elementor-section elementor-top-section elementor-element elementor-element-073b98e elementor-section-full_width elementor-section-height-default elementor-section-height-default\" data-id=\"073b98e\" data-element_type=\"section\" data-settings=\"{&quot;background_background&quot;:&quot;classic&quot;}\">\n\t\t\t\t\t\t\t<div class=\"elementor-background-overlay\"><\/div>\n\t\t\t\t\t\t\t<div class=\"elementor-container elementor-column-gap-default\">\n\t\t\t\t\t<div class=\"elementor-column elementor-col-100 elementor-top-column elementor-element elementor-element-dab8504\" data-id=\"dab8504\" data-element_type=\"column\">\n\t\t\t<div class=\"elementor-widget-wrap elementor-element-populated\">\n\t\t\t\t\t\t<section class=\"elementor-section elementor-inner-section elementor-element elementor-element-fbc2697 elementor-section-boxed elementor-section-height-default elementor-section-height-default\" data-id=\"fbc2697\" data-element_type=\"section\">\n\t\t\t\t\t\t<div class=\"elementor-container elementor-column-gap-default\">\n\t\t\t\t\t<div class=\"elementor-column elementor-col-50 elementor-inner-column elementor-element elementor-element-dbca88a\" data-id=\"dbca88a\" data-element_type=\"column\">\n\t\t\t<div class=\"elementor-widget-wrap elementor-element-populated\">\n\t\t\t\t\t\t<div class=\"elementor-element elementor-element-2978520 elementor-widget__width-initial elementor-widget elementor-widget-heading\" data-id=\"2978520\" data-element_type=\"widget\" data-widget_type=\"heading.default\">\n\t\t\t\t<div class=\"elementor-widget-container\">\n\t\t\t\t\t<h2 class=\"elementor-heading-title elementor-size-default\">Odontologia de pets n\u00e3o convencionais<\/h2>\t\t\t\t<\/div>\n\t\t\t\t<\/div>\n\t\t\t\t<div class=\"elementor-element elementor-element-0c20de9 elementor-widget__width-initial elementor-widget-mobile__width-initial elementor-widget elementor-widget-text-editor\" data-id=\"0c20de9\" data-element_type=\"widget\" data-widget_type=\"text-editor.default\">\n\t\t\t\t<div class=\"elementor-widget-container\">\n\t\t\t\t\t\t\t\t\t<p>Os pets n\u00e3o convencionais, como r\u00e9pteis, aves, roedores e pequenos mam\u00edferos, necessitam de atendimento odontol\u00f3gico duplamente especializado.<\/p>\t\t\t\t\t\t\t\t<\/div>\n\t\t\t\t<\/div>\n\t\t\t\t\t<\/div>\n\t\t<\/div>\n\t\t\t\t<div class=\"elementor-column elementor-col-50 elementor-inner-column elementor-element elementor-element-54b554e\" data-id=\"54b554e\" data-element_type=\"column\">\n\t\t\t<div class=\"elementor-widget-wrap\">\n\t\t\t\t\t\t\t<\/div>\n\t\t<\/div>\n\t\t\t\t\t<\/div>\n\t\t<\/section>\n\t\t\t\t\t<\/div>\n\t\t<\/div>\n\t\t\t\t\t<\/div>\n\t\t<\/section>\n\t\t\t\t<section class=\"elementor-section elementor-top-section elementor-element elementor-element-7006f64 elementor-section-boxed elementor-section-height-default elementor-section-height-default\" data-id=\"7006f64\" data-element_type=\"section\">\n\t\t\t\t\t\t<div class=\"elementor-container elementor-column-gap-default\">\n\t\t\t\t\t<div class=\"elementor-column elementor-col-50 elementor-top-column elementor-element elementor-element-92c19c3\" data-id=\"92c19c3\" data-element_type=\"column\">\n\t\t\t<div class=\"elementor-widget-wrap elementor-element-populated\">\n\t\t\t\t\t\t<div class=\"elementor-element elementor-element-b8cef2f elementor-widget__width-initial elementor-widget elementor-widget-image\" data-id=\"b8cef2f\" data-element_type=\"widget\" data-widget_type=\"image.default\">\n\t\t\t\t<div class=\"elementor-widget-container\">\n\t\t\t\t\t\t\t\t\t\t\t\t\t\t\t<img fetchpriority=\"high\" decoding=\"async\" width=\"1024\" height=\"886\" src=\"http:\/\/br614.teste.website\/~age67481\/savanavet\/wp-content\/uploads\/2024\/11\/21410-1024x886.jpg\" class=\"attachment-large size-large wp-image-226\" alt=\"\" srcset=\"http:\/\/br614.teste.website\/~age67481\/savanavet\/wp-content\/uploads\/2024\/11\/21410-1024x886.jpg 1024w, http:\/\/br614.teste.website\/~age67481\/savanavet\/wp-content\/uploads\/2024\/11\/21410-300x260.jpg 300w, http:\/\/br614.teste.website\/~age67481\/savanavet\/wp-content\/uploads\/2024\/11\/21410-768x665.jpg 768w, http:\/\/br614.teste.website\/~age67481\/savanavet\/wp-content\/uploads\/2024\/11\/21410-200x173.jpg 200w, http:\/\/br614.teste.website\/~age67481\/savanavet\/wp-content\/uploads\/2024\/11\/21410.jpg 1500w\" sizes=\"(max-width: 1024px) 100vw, 1024px\" \/>\t\t\t\t\t\t\t\t\t\t\t\t\t\t\t<\/div>\n\t\t\t\t<\/div>\n\t\t\t\t\t<\/div>\n\t\t<\/div>\n\t\t\t\t<div class=\"elementor-column elementor-col-50 elementor-top-column elementor-element elementor-element-df89e92\" data-id=\"df89e92\" data-element_type=\"column\">\n\t\t\t<div class=\"elementor-widget-wrap elementor-element-populated\">\n\t\t\t\t\t\t<div class=\"elementor-element elementor-element-c5293d8 elementor-widget elementor-widget-heading\" data-id=\"c5293d8\" data-element_type=\"widget\" data-widget_type=\"heading.default\">\n\t\t\t\t<div class=\"elementor-widget-container\">\n\t\t\t\t\t<h2 class=\"elementor-heading-title elementor-size-default\">Caracter\u00edsticas odontol\u00f3gicas extremamente particulares e diferenciadas<\/h2>\t\t\t\t<\/div>\n\t\t\t\t<\/div>\n\t\t\t\t<div class=\"elementor-element elementor-element-986e2a1 elementor-widget elementor-widget-text-editor\" data-id=\"986e2a1\" data-element_type=\"widget\" data-widget_type=\"text-editor.default\">\n\t\t\t\t<div class=\"elementor-widget-container\">\n\t\t\t\t\t\t\t\t\t<p>Cada esp\u00e9cie possui caracter\u00edsticas peculiares em rela\u00e7\u00e3o \u00e0 denti\u00e7\u00e3o, forma de mastiga\u00e7\u00e3o, afec\u00e7\u00f5es que afetam a cavidade oral e t\u00e9cnicas de tratamento. Somente um profissional especializado em odontologia e com abrangente conhecimento de anatomia, fisiologia e nutri\u00e7\u00e3o dessas esp\u00e9cies est\u00e1 apto a realizar um diagn\u00f3stico completo e estabelecer um plano de tratamento capaz de abranger todos os aspectos relevantes<\/p>\t\t\t\t\t\t\t\t<\/div>\n\t\t\t\t<\/div>\n\t\t\t\t\t<\/div>\n\t\t<\/div>\n\t\t\t\t\t<\/div>\n\t\t<\/section>\n\t\t\t\t<section class=\"elementor-section elementor-top-section elementor-element elementor-element-e6c0be6 elementor-reverse-mobile elementor-section-boxed elementor-section-height-default elementor-section-height-default\" data-id=\"e6c0be6\" data-element_type=\"section\">\n\t\t\t\t\t\t<div class=\"elementor-container elementor-column-gap-default\">\n\t\t\t\t\t<div class=\"elementor-column elementor-col-50 elementor-top-column elementor-element elementor-element-ed01d34\" data-id=\"ed01d34\" data-element_type=\"column\">\n\t\t\t<div class=\"elementor-widget-wrap elementor-element-populated\">\n\t\t\t\t\t\t<div class=\"elementor-element elementor-element-8e44779 elementor-widget elementor-widget-heading\" data-id=\"8e44779\" data-element_type=\"widget\" data-widget_type=\"heading.default\">\n\t\t\t\t<div class=\"elementor-widget-container\">\n\t\t\t\t\t<h2 class=\"elementor-heading-title elementor-size-default\">O paciente n\u00e3o \u00e9 apenas uma boca, \u00e9 um organismo inteiro e complexo<\/h2>\t\t\t\t<\/div>\n\t\t\t\t<\/div>\n\t\t\t\t<div class=\"elementor-element elementor-element-809562c elementor-widget elementor-widget-text-editor\" data-id=\"809562c\" data-element_type=\"widget\" data-widget_type=\"text-editor.default\">\n\t\t\t\t<div class=\"elementor-widget-container\">\n\t\t\t\t\t\t\t\t\t<p>Problemas odontol\u00f3gicos podem ter diversas causas e repercutir de in\u00fameras maneiras na sa\u00fade geral do paciente, por isso \u00e9 importante analisar e compreender o todo, n\u00e3o apenas a altera\u00e7\u00e3o oral. Al\u00e9m disso, para que o tratamento seja eficiente, \u00e9 necess\u00e1rio ter conhecimento para realizar adequadas prescri\u00e7\u00f5es medicamentosas e de manejo no\u00a0per\u00edodo p\u00f3s-operat\u00f3rio, assim como estar apto a compreender e manejar poss\u00edveis complica\u00e7\u00f5es, muitas vezes n\u00e3o relacionadas \u00e0 cavidade oral, que podem surgir ap\u00f3s o procedimento.<\/p>\t\t\t\t\t\t\t\t<\/div>\n\t\t\t\t<\/div>\n\t\t\t\t\t<\/div>\n\t\t<\/div>\n\t\t\t\t<div class=\"elementor-column elementor-col-50 elementor-top-column elementor-element elementor-element-aa9e320\" data-id=\"aa9e320\" data-element_type=\"column\">\n\t\t\t<div class=\"elementor-widget-wrap elementor-element-populated\">\n\t\t\t\t\t\t<div class=\"elementor-element elementor-element-f536921 elementor-widget elementor-widget-image\" data-id=\"f536921\" data-element_type=\"widget\" data-widget_type=\"image.default\">\n\t\t\t\t<div class=\"elementor-widget-container\">\n\t\t\t\t\t\t\t\t\t\t\t\t\t\t\t<img decoding=\"async\" width=\"1024\" height=\"734\" src=\"http:\/\/br614.teste.website\/~age67481\/savanavet\/wp-content\/uploads\/2024\/11\/13814033-1-1024x734.jpg\" class=\"attachment-large size-large wp-image-227\" alt=\"\" srcset=\"http:\/\/br614.teste.website\/~age67481\/savanavet\/wp-content\/uploads\/2024\/11\/13814033-1-1024x734.jpg 1024w, http:\/\/br614.teste.website\/~age67481\/savanavet\/wp-content\/uploads\/2024\/11\/13814033-1-300x215.jpg 300w, http:\/\/br614.teste.website\/~age67481\/savanavet\/wp-content\/uploads\/2024\/11\/13814033-1-768x550.jpg 768w, http:\/\/br614.teste.website\/~age67481\/savanavet\/wp-content\/uploads\/2024\/11\/13814033-1-200x143.jpg 200w, http:\/\/br614.teste.website\/~age67481\/savanavet\/wp-content\/uploads\/2024\/11\/13814033-1.jpg 1500w\" sizes=\"(max-width: 1024px) 100vw, 1024px\" \/>\t\t\t\t\t\t\t\t\t\t\t\t\t\t\t<\/div>\n\t\t\t\t<\/div>\n\t\t\t\t\t<\/div>\n\t\t<\/div>\n\t\t\t\t\t<\/div>\n\t\t<\/section>\n\t\t\t\t<section class=\"elementor-section elementor-top-section elementor-element elementor-element-97496c0 elementor-section-boxed elementor-section-height-default elementor-section-height-default\" data-id=\"97496c0\" data-element_type=\"section\">\n\t\t\t\t\t\t<div class=\"elementor-container elementor-column-gap-default\">\n\t\t\t\t\t<div class=\"elementor-column elementor-col-50 elementor-top-column elementor-element elementor-element-48a1be0\" data-id=\"48a1be0\" data-element_type=\"column\">\n\t\t\t<div class=\"elementor-widget-wrap elementor-element-populated\">\n\t\t\t\t\t\t<div class=\"elementor-element elementor-element-3d1f47c elementor-widget__width-initial elementor-widget elementor-widget-image\" data-id=\"3d1f47c\" data-element_type=\"widget\" data-widget_type=\"image.default\">\n\t\t\t\t<div class=\"elementor-widget-container\">\n\t\t\t\t\t\t\t\t\t\t\t\t\t\t\t<img decoding=\"async\" width=\"1024\" height=\"498\" src=\"http:\/\/br614.teste.website\/~age67481\/savanavet\/wp-content\/uploads\/2024\/11\/167-1024x498.jpg\" class=\"attachment-large size-large wp-image-196\" alt=\"\" srcset=\"http:\/\/br614.teste.website\/~age67481\/savanavet\/wp-content\/uploads\/2024\/11\/167-1024x498.jpg 1024w, http:\/\/br614.teste.website\/~age67481\/savanavet\/wp-content\/uploads\/2024\/11\/167-300x146.jpg 300w, http:\/\/br614.teste.website\/~age67481\/savanavet\/wp-content\/uploads\/2024\/11\/167-768x374.jpg 768w, http:\/\/br614.teste.website\/~age67481\/savanavet\/wp-content\/uploads\/2024\/11\/167-200x97.jpg 200w, http:\/\/br614.teste.website\/~age67481\/savanavet\/wp-content\/uploads\/2024\/11\/167.jpg 1500w\" sizes=\"(max-width: 1024px) 100vw, 1024px\" \/>\t\t\t\t\t\t\t\t\t\t\t\t\t\t\t<\/div>\n\t\t\t\t<\/div>\n\t\t\t\t\t<\/div>\n\t\t<\/div>\n\t\t\t\t<div class=\"elementor-column elementor-col-50 elementor-top-column elementor-element elementor-element-67ffea2\" data-id=\"67ffea2\" data-element_type=\"column\">\n\t\t\t<div class=\"elementor-widget-wrap elementor-element-populated\">\n\t\t\t\t\t\t<div class=\"elementor-element elementor-element-283dcce elementor-widget elementor-widget-heading\" data-id=\"283dcce\" data-element_type=\"widget\" data-widget_type=\"heading.default\">\n\t\t\t\t<div class=\"elementor-widget-container\">\n\t\t\t\t\t<h2 class=\"elementor-heading-title elementor-size-default\">Dentista n\u00e3o cuida apenas de dente<\/h2>\t\t\t\t<\/div>\n\t\t\t\t<\/div>\n\t\t\t\t<div class=\"elementor-element elementor-element-fa98576 elementor-widget elementor-widget-text-editor\" data-id=\"fa98576\" data-element_type=\"widget\" data-widget_type=\"text-editor.default\">\n\t\t\t\t<div class=\"elementor-widget-container\">\n\t\t\t\t\t\t\t\t\t<p>Animais que naturalmente n\u00e3o possuem dentes tamb\u00e9m podem necessitar e se beneficiar do atendimento de um m\u00e9dico veterin\u00e1rio odontologista especializado: aves com altera\u00e7\u00f5es em bico (hipercrescimento, fraturas, neoplasias) e tartarugas com altera\u00e7\u00f5es em bico\u00a0c\u00f3rneo s\u00e3o alguns exemplos de pacientes que n\u00e3o possuem dentes e fazem parte da rotina de atendimento<\/p>\t\t\t\t\t\t\t\t<\/div>\n\t\t\t\t<\/div>\n\t\t\t\t\t<\/div>\n\t\t<\/div>\n\t\t\t\t\t<\/div>\n\t\t<\/section>\n\t\t\t\t<section class=\"elementor-section elementor-top-section elementor-element elementor-element-114ceb3 elementor-section-full_width elementor-section-height-default elementor-section-height-default\" data-id=\"114ceb3\" data-element_type=\"section\" data-settings=\"{&quot;background_background&quot;:&quot;classic&quot;}\">\n\t\t\t\t\t\t<div class=\"elementor-container elementor-column-gap-default\">\n\t\t\t\t\t<div class=\"elementor-column elementor-col-100 elementor-top-column elementor-element elementor-element-1d7ac79\" data-id=\"1d7ac79\" data-element_type=\"column\">\n\t\t\t<div class=\"elementor-widget-wrap elementor-element-populated\">\n\t\t\t\t\t\t<div class=\"elementor-element elementor-element-295d5c3 elementor-widget__width-initial elementor-widget elementor-widget-heading\" data-id=\"295d5c3\" data-element_type=\"widget\" data-widget_type=\"heading.default\">\n\t\t\t\t<div class=\"elementor-widget-container\">\n\t\t\t\t\t<h2 class=\"elementor-heading-title elementor-size-default\">Atendimento duplamente especializado<\/h2>\t\t\t\t<\/div>\n\t\t\t\t<\/div>\n\t\t\t\t<div class=\"elementor-element elementor-element-c66c31e elementor-widget__width-initial elementor-widget-mobile__width-initial elementor-widget elementor-widget-text-editor\" data-id=\"c66c31e\" data-element_type=\"widget\" data-widget_type=\"text-editor.default\">\n\t\t\t\t<div class=\"elementor-widget-container\">\n\t\t\t\t\t\t\t\t\t<p>Oferecemos um servi\u00e7o odontol\u00f3gico duplamente especializado para o seu pet n\u00e3o<br \/>convencional, pois ele \u00e9 atendido por uma profissional que, al\u00e9m da Especializa\u00e7\u00e3o em<br \/>Odontologia Veterin\u00e1ria, possui Resid\u00eancia em Cl\u00ednica e Cirurgia de Animais Silvestres e<br \/>anos de experi\u00eancia com o atendimento cl\u00ednico e cir\u00fargico de pets n\u00e3o convencionais.<\/p>\t\t\t\t\t\t\t\t<\/div>\n\t\t\t\t<\/div>\n\t\t\t\t<div class=\"elementor-element elementor-element-b8365f8 elementor-align-center elementor-widget-mobile__width-initial elementor-widget elementor-widget-button\" data-id=\"b8365f8\" data-element_type=\"widget\" data-widget_type=\"button.default\">\n\t\t\t\t<div class=\"elementor-widget-container\">\n\t\t\t\t\t\t\t\t\t<div class=\"elementor-button-wrapper\">\n\t\t\t\t\t<a class=\"elementor-button elementor-button-link elementor-size-sm\" href=\"http:\/\/br614.teste.website\/~age67481\/savanavet\/sobre-mim\/\">\n\t\t\t\t\t\t<span class=\"elementor-button-content-wrapper\">\n\t\t\t\t\t\t\t\t\t<span class=\"elementor-button-text\">SAIBA MAIS SOBRE MIM<\/span>\n\t\t\t\t\t<\/span>\n\t\t\t\t\t<\/a>\n\t\t\t\t<\/div>\n\t\t\t\t\t\t\t\t<\/div>\n\t\t\t\t<\/div>\n\t\t\t\t\t<\/div>\n\t\t<\/div>\n\t\t\t\t\t<\/div>\n\t\t<\/section>\n\t\t\t\t<\/div>\n\t\t","protected":false},"excerpt":{"rendered":"<p>Odontologia de pets n\u00e3o convencionais Os pets n\u00e3o convencionais, como r\u00e9pteis, aves, roedores e pequenos mam\u00edferos, necessitam de atendimento odontol\u00f3gico duplamente especializado. Caracter\u00edsticas odontol\u00f3gicas extremamente particulares e diferenciadas Cada esp\u00e9cie possui caracter\u00edsticas peculiares em rela\u00e7\u00e3o \u00e0 denti\u00e7\u00e3o, forma de mastiga\u00e7\u00e3o, afec\u00e7\u00f5es que afetam a cavidade oral e t\u00e9cnicas de tratamento. Somente um profissional especializado em&hellip;&nbsp;<a href=\"http:\/\/br614.teste.website\/~age67481\/savanavet\/odontologia-de-pets-nao-convencionais\/\" class=\"\" rel=\"bookmark\">Continue a ler &raquo;<span class=\"screen-reader-text\">ODONTOLOGIA DE PETS NAO CONVENCIONAIS<\/span><\/a><\/p>\n","protected":false},"author":1,"featured_media":0,"parent":0,"menu_order":0,"comment_status":"closed","ping_status":"closed","template":"page-templates\/template-pagebuilder-full-width.php","meta":{"neve_meta_sidebar":"","neve_meta_container":"","neve_meta_enable_content_width":"","neve_meta_content_width":0,"neve_meta_title_alignment":"","neve_meta_author_avatar":"","neve_post_elements_order":"","neve_meta_disable_header":"","neve_meta_disable_footer":"","neve_meta_disable_title":"","_joinchat":[],"footnotes":""},"class_list":["post-224","page","type-page","status-publish","hentry"],"_links":{"self":[{"href":"http:\/\/br614.teste.website\/~age67481\/savanavet\/wp-json\/wp\/v2\/pages\/224","targetHints":{"allow":["GET"]}}],"collection":[{"href":"http:\/\/br614.teste.website\/~age67481\/savanavet\/wp-json\/wp\/v2\/pages"}],"about":[{"href":"http:\/\/br614.teste.website\/~age67481\/savanavet\/wp-json\/wp\/v2\/types\/page"}],"author":[{"embeddable":true,"href":"http:\/\/br614.teste.website\/~age67481\/savanavet\/wp-json\/wp\/v2\/users\/1"}],"replies":[{"embeddable":true,"href":"http:\/\/br614.teste.website\/~age67481\/savanavet\/wp-json\/wp\/v2\/comments?post=224"}],"version-history":[{"count":10,"href":"http:\/\/br614.teste.website\/~age67481\/savanavet\/wp-json\/wp\/v2\/pages\/224\/revisions"}],"predecessor-version":[{"id":259,"href":"http:\/\/br614.teste.website\/~age67481\/savanavet\/wp-json\/wp\/v2\/pages\/224\/revisions\/259"}],"wp:attachment":[{"href":"http:\/\/br614.teste.website\/~age67481\/savanavet\/wp-json\/wp\/v2\/media?parent=224"}],"curies":[{"name":"wp","href":"https:\/\/api.w.org\/{rel}","templated":true}]}}