{"id":325,"date":"2024-02-14T17:06:39","date_gmt":"2024-02-14T20:06:39","guid":{"rendered":"http:\/\/br614.teste.website\/~age67481\/venter\/?page_id=325"},"modified":"2024-08-29T19:54:08","modified_gmt":"2024-08-29T22:54:08","slug":"blog","status":"publish","type":"page","link":"http:\/\/br614.teste.website\/~age67481\/venter\/blog\/","title":{"rendered":"Blog"},"content":{"rendered":"\t\t<div data-elementor-type=\"wp-page\" data-elementor-id=\"325\" class=\"elementor elementor-325\">\n\t\t\t\t\t\t<section class=\"elementor-section elementor-top-section elementor-element elementor-element-8592537 elementor-section-boxed elementor-section-height-default elementor-section-height-default wpr-particle-no wpr-jarallax-no wpr-parallax-no wpr-sticky-section-no\" data-id=\"8592537\" data-element_type=\"section\">\n\t\t\t\t\t\t<div class=\"elementor-container elementor-column-gap-default\">\n\t\t\t\t\t<div class=\"elementor-column elementor-col-100 elementor-top-column elementor-element elementor-element-2a1ef43\" data-id=\"2a1ef43\" data-element_type=\"column\">\n\t\t\t<div class=\"elementor-widget-wrap elementor-element-populated\">\n\t\t\t\t\t\t<div class=\"elementor-element elementor-element-8da7e51 elementor-widget elementor-widget-heading\" data-id=\"8da7e51\" data-element_type=\"widget\" data-widget_type=\"heading.default\">\n\t\t\t\t<div class=\"elementor-widget-container\">\n\t\t\t<style>\/*! elementor - v3.22.0 - 24-06-2024 *\/\n.elementor-heading-title{padding:0;margin:0;line-height:1}.elementor-widget-heading .elementor-heading-title[class*=elementor-size-]>a{color:inherit;font-size:inherit;line-height:inherit}.elementor-widget-heading .elementor-heading-title.elementor-size-small{font-size:15px}.elementor-widget-heading .elementor-heading-title.elementor-size-medium{font-size:19px}.elementor-widget-heading .elementor-heading-title.elementor-size-large{font-size:29px}.elementor-widget-heading .elementor-heading-title.elementor-size-xl{font-size:39px}.elementor-widget-heading .elementor-heading-title.elementor-size-xxl{font-size:59px}<\/style><h2 class=\"elementor-heading-title elementor-size-default\">#BLOGDAVENTER<\/h2>\t\t<\/div>\n\t\t\t\t<\/div>\n\t\t\t\t<div class=\"elementor-element elementor-element-c67a1a0 elementor-widget elementor-widget-heading\" data-id=\"c67a1a0\" data-element_type=\"widget\" data-widget_type=\"heading.default\">\n\t\t\t\t<div class=\"elementor-widget-container\">\n\t\t\t<h2 class=\"elementor-heading-title elementor-size-default\">informa\u00e7\u00e3o:<\/h2>\t\t<\/div>\n\t\t\t\t<\/div>\n\t\t\t\t<div class=\"elementor-element elementor-element-33d6dd3 elementor-widget elementor-widget-heading\" data-id=\"33d6dd3\" data-element_type=\"widget\" data-widget_type=\"heading.default\">\n\t\t\t\t<div class=\"elementor-widget-container\">\n\t\t\t<h2 class=\"elementor-heading-title elementor-size-default\">O ITEM ESSENCIAL DA MALA DE MATERNIDADE<\/h2>\t\t<\/div>\n\t\t\t\t<\/div>\n\t\t\t\t\t<\/div>\n\t\t<\/div>\n\t\t\t\t\t<\/div>\n\t\t<\/section>\n\t\t\t\t<section class=\"elementor-section elementor-top-section elementor-element elementor-element-eacc5bb elementor-section-boxed elementor-section-height-default elementor-section-height-default wpr-particle-no wpr-jarallax-no wpr-parallax-no wpr-sticky-section-no\" data-id=\"eacc5bb\" data-element_type=\"section\">\n\t\t\t\t\t\t<div class=\"elementor-container elementor-column-gap-default\">\n\t\t\t\t\t<div class=\"elementor-column elementor-col-100 elementor-top-column elementor-element elementor-element-f284b1f\" data-id=\"f284b1f\" data-element_type=\"column\">\n\t\t\t<div class=\"elementor-widget-wrap elementor-element-populated\">\n\t\t\t\t\t\t<div class=\"elementor-element elementor-element-6136263 elementor-widget elementor-widget-upk-alex-grid\" data-id=\"6136263\" data-element_type=\"widget\" data-widget_type=\"upk-alex-grid.default\">\n\t\t\t\t<div class=\"elementor-widget-container\">\n\t\t\t\n\t\t<div class=\"upk-alex-grid\">\n\t\t\t<div class=\"upk-alex-wrap upk-content-right upk-style-2\">\n\n\t\t\t\t\n\t\t\t\t\t\t\t<div class=\"upk-item\">\n\t\t\t<div class=\"upk-image-wrap\">\n\t\t\t\t<img fetchpriority=\"high\" decoding=\"async\" width=\"1920\" height=\"1280\" src=\"http:\/\/br614.teste.website\/~age67481\/venter\/wp-content\/uploads\/2024\/02\/relato-de-parto-nascimento-da-ana-por-daniela-pugen_o1gmghgbk4rhn10b010etp1gmdai.jpg\" class=\"upk-img\" alt=\"As 5 fases do trabalho de parto\" srcset=\"http:\/\/br614.teste.website\/~age67481\/venter\/wp-content\/uploads\/2024\/02\/relato-de-parto-nascimento-da-ana-por-daniela-pugen_o1gmghgbk4rhn10b010etp1gmdai.jpg 1920w, http:\/\/br614.teste.website\/~age67481\/venter\/wp-content\/uploads\/2024\/02\/relato-de-parto-nascimento-da-ana-por-daniela-pugen_o1gmghgbk4rhn10b010etp1gmdai-300x200.jpg 300w, http:\/\/br614.teste.website\/~age67481\/venter\/wp-content\/uploads\/2024\/02\/relato-de-parto-nascimento-da-ana-por-daniela-pugen_o1gmghgbk4rhn10b010etp1gmdai-1024x683.jpg 1024w, http:\/\/br614.teste.website\/~age67481\/venter\/wp-content\/uploads\/2024\/02\/relato-de-parto-nascimento-da-ana-por-daniela-pugen_o1gmghgbk4rhn10b010etp1gmdai-768x512.jpg 768w, http:\/\/br614.teste.website\/~age67481\/venter\/wp-content\/uploads\/2024\/02\/relato-de-parto-nascimento-da-ana-por-daniela-pugen_o1gmghgbk4rhn10b010etp1gmdai-1536x1024.jpg 1536w, http:\/\/br614.teste.website\/~age67481\/venter\/wp-content\/uploads\/2024\/02\/relato-de-parto-nascimento-da-ana-por-daniela-pugen_o1gmghgbk4rhn10b010etp1gmdai-930x620.jpg 930w\" sizes=\"(max-width: 1920px) 100vw, 1920px\" \/>\n\t\t\t\t\t\t\n\t\n\t\t\t\t\n\t\t\t\t<div class=\"upk-content-wrap\">\n\n\t\t\t\t\t<div class=\"upk-content\">\n\t\t\t\t\t\t\t\t<div class=\"upk-category\">\n\t\t\t<a href=\"http:\/\/br614.teste.website\/~age67481\/venter\/category\/maternidade\/\">Maternidade<\/a> <a href=\"http:\/\/br614.teste.website\/~age67481\/venter\/category\/parto\/\">Parto<\/a>\t\t<\/div>\n\t\t\t\t\t\t\t<h3 class=\"upk-title\"><a href=\"http:\/\/br614.teste.website\/~age67481\/venter\/2024\/02\/14\/as-5-fases-do-trabalho-de-parto\/\" title=\"As 5 fases do trabalho de parto\" class=\"title-animation-\" >As 5 fases do trabalho de parto<\/a><\/h3>\t\t\t\t\t<\/div>\n\n\t\t\t\t\t\t\t<div class=\"upk-button-wrap\">\n\t\t\t<a href=\"http:\/\/br614.teste.website\/~age67481\/venter\/2024\/02\/14\/as-5-fases-do-trabalho-de-parto\/\" class=\"upk-readmore\">\n\t\t\t\t<span class=\"upk-readmore-icon\"><span><\/span><\/span>\n\t\t\t<\/a>\n\t\t<\/div>\n\t\n\t\t\t\t<\/div>\n\t\t\t<\/div>\n\t\t<\/div>\n\t\n\t\t\t\t\n\t\t\t\t\t\t\t<div class=\"upk-item\">\n\t\t\t<div class=\"upk-image-wrap\">\n\t\t\t\t<img decoding=\"async\" width=\"1920\" height=\"1280\" src=\"http:\/\/br614.teste.website\/~age67481\/venter\/wp-content\/uploads\/2024\/02\/relato-de-parto-nascimento-da-ana-por-daniela-pugen_o1gmghgbk4rhn10b010etp1gmdai.jpg\" class=\"upk-img\" alt=\"Por que contatar uma equipe humanizada?\" srcset=\"http:\/\/br614.teste.website\/~age67481\/venter\/wp-content\/uploads\/2024\/02\/relato-de-parto-nascimento-da-ana-por-daniela-pugen_o1gmghgbk4rhn10b010etp1gmdai.jpg 1920w, http:\/\/br614.teste.website\/~age67481\/venter\/wp-content\/uploads\/2024\/02\/relato-de-parto-nascimento-da-ana-por-daniela-pugen_o1gmghgbk4rhn10b010etp1gmdai-300x200.jpg 300w, http:\/\/br614.teste.website\/~age67481\/venter\/wp-content\/uploads\/2024\/02\/relato-de-parto-nascimento-da-ana-por-daniela-pugen_o1gmghgbk4rhn10b010etp1gmdai-1024x683.jpg 1024w, http:\/\/br614.teste.website\/~age67481\/venter\/wp-content\/uploads\/2024\/02\/relato-de-parto-nascimento-da-ana-por-daniela-pugen_o1gmghgbk4rhn10b010etp1gmdai-768x512.jpg 768w, http:\/\/br614.teste.website\/~age67481\/venter\/wp-content\/uploads\/2024\/02\/relato-de-parto-nascimento-da-ana-por-daniela-pugen_o1gmghgbk4rhn10b010etp1gmdai-1536x1024.jpg 1536w, http:\/\/br614.teste.website\/~age67481\/venter\/wp-content\/uploads\/2024\/02\/relato-de-parto-nascimento-da-ana-por-daniela-pugen_o1gmghgbk4rhn10b010etp1gmdai-930x620.jpg 930w\" sizes=\"(max-width: 1920px) 100vw, 1920px\" \/>\n\t\t\t\t\t\t\n\t\n\t\t\t\t\n\t\t\t\t<div class=\"upk-content-wrap\">\n\n\t\t\t\t\t<div class=\"upk-content\">\n\t\t\t\t\t\t\t\t<div class=\"upk-category\">\n\t\t\t<a href=\"http:\/\/br614.teste.website\/~age67481\/venter\/category\/evidencias\/\">Evid\u00eancias<\/a>\t\t<\/div>\n\t\t\t\t\t\t\t<h3 class=\"upk-title\"><a href=\"http:\/\/br614.teste.website\/~age67481\/venter\/2024\/02\/14\/por-que-contatar-uma-equipe-humanizada\/\" title=\"Por que contatar uma equipe humanizada?\" class=\"title-animation-\" >Por que contatar uma equipe humanizada?<\/a><\/h3>\t\t\t\t\t<\/div>\n\n\t\t\t\t\t\t\t<div class=\"upk-button-wrap\">\n\t\t\t<a href=\"http:\/\/br614.teste.website\/~age67481\/venter\/2024\/02\/14\/por-que-contatar-uma-equipe-humanizada\/\" class=\"upk-readmore\">\n\t\t\t\t<span class=\"upk-readmore-icon\"><span><\/span><\/span>\n\t\t\t<\/a>\n\t\t<\/div>\n\t\n\t\t\t\t<\/div>\n\t\t\t<\/div>\n\t\t<\/div>\n\t\n\t\t\t\t\n\t\t\t\t\t\t\t<div class=\"upk-item\">\n\t\t\t<div class=\"upk-image-wrap\">\n\t\t\t\t<img decoding=\"async\" width=\"1920\" height=\"1280\" src=\"http:\/\/br614.teste.website\/~age67481\/venter\/wp-content\/uploads\/2024\/02\/relato-de-parto-nascimento-da-ana-por-daniela-pugen_o1gmgg715ohi8abu3o7tud1fu4k.jpg\" class=\"upk-img\" alt=\"Como aliviar a dor do parto?\" srcset=\"http:\/\/br614.teste.website\/~age67481\/venter\/wp-content\/uploads\/2024\/02\/relato-de-parto-nascimento-da-ana-por-daniela-pugen_o1gmgg715ohi8abu3o7tud1fu4k.jpg 1920w, http:\/\/br614.teste.website\/~age67481\/venter\/wp-content\/uploads\/2024\/02\/relato-de-parto-nascimento-da-ana-por-daniela-pugen_o1gmgg715ohi8abu3o7tud1fu4k-300x200.jpg 300w, http:\/\/br614.teste.website\/~age67481\/venter\/wp-content\/uploads\/2024\/02\/relato-de-parto-nascimento-da-ana-por-daniela-pugen_o1gmgg715ohi8abu3o7tud1fu4k-1024x683.jpg 1024w, http:\/\/br614.teste.website\/~age67481\/venter\/wp-content\/uploads\/2024\/02\/relato-de-parto-nascimento-da-ana-por-daniela-pugen_o1gmgg715ohi8abu3o7tud1fu4k-768x512.jpg 768w, http:\/\/br614.teste.website\/~age67481\/venter\/wp-content\/uploads\/2024\/02\/relato-de-parto-nascimento-da-ana-por-daniela-pugen_o1gmgg715ohi8abu3o7tud1fu4k-1536x1024.jpg 1536w, http:\/\/br614.teste.website\/~age67481\/venter\/wp-content\/uploads\/2024\/02\/relato-de-parto-nascimento-da-ana-por-daniela-pugen_o1gmgg715ohi8abu3o7tud1fu4k-930x620.jpg 930w\" sizes=\"(max-width: 1920px) 100vw, 1920px\" \/>\n\t\t\t\t\t\t\n\t\n\t\t\t\t\n\t\t\t\t<div class=\"upk-content-wrap\">\n\n\t\t\t\t\t<div class=\"upk-content\">\n\t\t\t\t\t\t\t\t<div class=\"upk-category\">\n\t\t\t<a href=\"http:\/\/br614.teste.website\/~age67481\/venter\/category\/parto\/\">Parto<\/a>\t\t<\/div>\n\t\t\t\t\t\t\t<h3 class=\"upk-title\"><a href=\"http:\/\/br614.teste.website\/~age67481\/venter\/2024\/02\/09\/ola-mundo\/\" title=\"Como aliviar a dor do parto?\" class=\"title-animation-\" >Como aliviar a dor do parto?<\/a><\/h3>\t\t\t\t\t<\/div>\n\n\t\t\t\t\t\t\t<div class=\"upk-button-wrap\">\n\t\t\t<a href=\"http:\/\/br614.teste.website\/~age67481\/venter\/2024\/02\/09\/ola-mundo\/\" class=\"upk-readmore\">\n\t\t\t\t<span class=\"upk-readmore-icon\"><span><\/span><\/span>\n\t\t\t<\/a>\n\t\t<\/div>\n\t\n\t\t\t\t<\/div>\n\t\t\t<\/div>\n\t\t<\/div>\n\t\n\t\t\t\t\n\t\t\t<\/div>\n\t\t<\/div>\n\n\t\t\t\t<\/div>\n\t\t\t\t<\/div>\n\t\t\t\t\t<\/div>\n\t\t<\/div>\n\t\t\t\t\t<\/div>\n\t\t<\/section>\n\t\t\t\t<\/div>\n\t\t","protected":false},"excerpt":{"rendered":"<p>#BLOGDAVENTER informa\u00e7\u00e3o: O ITEM ESSENCIAL DA MALA DE MATERNIDADE Maternidade Parto As 5 fases do trabalho de parto Evid\u00eancias Por que contatar uma equipe humanizada? Parto Como aliviar a dor do parto?<\/p>\n","protected":false},"author":1,"featured_media":0,"parent":0,"menu_order":0,"comment_status":"closed","ping_status":"closed","template":"page-templates\/template-pagebuilder-full-width.php","meta":{"neve_meta_sidebar":"","neve_meta_container":"","neve_meta_enable_content_width":"","neve_meta_content_width":0,"neve_meta_title_alignment":"","neve_meta_author_avatar":"","neve_post_elements_order":"","neve_meta_disable_header":"","neve_meta_disable_footer":"","neve_meta_disable_title":"","footnotes":""},"class_list":["post-325","page","type-page","status-publish","hentry"],"_links":{"self":[{"href":"http:\/\/br614.teste.website\/~age67481\/venter\/wp-json\/wp\/v2\/pages\/325","targetHints":{"allow":["GET"]}}],"collection":[{"href":"http:\/\/br614.teste.website\/~age67481\/venter\/wp-json\/wp\/v2\/pages"}],"about":[{"href":"http:\/\/br614.teste.website\/~age67481\/venter\/wp-json\/wp\/v2\/types\/page"}],"author":[{"embeddable":true,"href":"http:\/\/br614.teste.website\/~age67481\/venter\/wp-json\/wp\/v2\/users\/1"}],"replies":[{"embeddable":true,"href":"http:\/\/br614.teste.website\/~age67481\/venter\/wp-json\/wp\/v2\/comments?post=325"}],"version-history":[{"count":13,"href":"http:\/\/br614.teste.website\/~age67481\/venter\/wp-json\/wp\/v2\/pages\/325\/revisions"}],"predecessor-version":[{"id":901,"href":"http:\/\/br614.teste.website\/~age67481\/venter\/wp-json\/wp\/v2\/pages\/325\/revisions\/901"}],"wp:attachment":[{"href":"http:\/\/br614.teste.website\/~age67481\/venter\/wp-json\/wp\/v2\/media?parent=325"}],"curies":[{"name":"wp","href":"https:\/\/api.w.org\/{rel}","templated":true}]}}